{"id":6218,"date":"2023-08-29T12:38:28","date_gmt":"2023-08-29T11:38:28","guid":{"rendered":"https:\/\/upbeat-bassi.138-201-129-95.plesk.page\/contacto\/"},"modified":"2025-05-08T13:23:18","modified_gmt":"2025-05-08T12:23:18","slug":"contacto","status":"publish","type":"page","link":"https:\/\/quizzical-yonath.213-158-90-7.plesk.page\/es\/contacto\/","title":{"rendered":"Contacto"},"content":{"rendered":"<p>[et_pb_section fb_built=\u00bb1&#8243; custom_padding_last_edited=\u00bbon|tablet\u00bb _builder_version=\u00bb4.24.2&#8243; _module_preset=\u00bbdefault\u00bb background_image=\u00bbhttps:\/\/quizzical-yonath.213-158-90-7.plesk.page\/wp-content\/uploads\/2023\/11\/Aspire-ftd-AviadoBio-Logo-Element-v2.png\u00bb background_size=\u00bbcustom\u00bb background_image_width=\u00bb30%\u00bb background_position=\u00bbtop_right\u00bb background_horizontal_offset=\u00bb10%\u00bb custom_margin=\u00bb0px||||false|false\u00bb custom_padding=\u00bb10vh||20vh||false|false\u00bb custom_padding_tablet=\u00bb5vh||10vh||false|false\u00bb custom_padding_phone=\u00bb\u00bb bottom_divider_style=\u00bbramp\u00bb bottom_divider_color=\u00bb#43464F\u00bb bottom_divider_flip=\u00bbhorizontal|vertical\u00bb background_last_edited=\u00bbon|tablet\u00bb background_enable_image_tablet=\u00bboff\u00bb global_colors_info=\u00bb{}\u00bb][et_pb_row column_structure=\u00bb3_5,2_5&#8243; custom_padding_last_edited=\u00bbon|phone\u00bb _builder_version=\u00bb4.24.2&#8243; _module_preset=\u00bbdefault\u00bb width_tablet=\u00bb80%\u00bb width_last_edited=\u00bboff|desktop\u00bb module_alignment=\u00bbcenter\u00bb custom_margin=\u00bb||||false|false\u00bb custom_padding=\u00bb0px||0px||false|false\u00bb custom_padding_tablet=\u00bb\u00bb custom_padding_phone=\u00bb\u00bb module_alignment_tablet=\u00bbcenter\u00bb module_alignment_phone=\u00bbcenter\u00bb module_alignment_last_edited=\u00bboff|desktop\u00bb global_colors_info=\u00bb{}\u00bb][et_pb_column type=\u00bb3_5&#8243; _builder_version=\u00bb4.22.1&#8243; _module_preset=\u00bbdefault\u00bb custom_padding_tablet=\u00bb||30px||false|false\u00bb custom_padding_phone=\u00bb||30px||false|false\u00bb custom_padding_last_edited=\u00bbon|tablet\u00bb custom_css_main_element=\u00bbmargin:auto;\u00bb global_colors_info=\u00bb{}\u00bb][et_pb_text _builder_version=\u00bb4.24.2&#8243; _module_preset=\u00bbdefault\u00bb header_font=\u00bb|||on|||||\u00bb header_font_size=\u00bb38px\u00bb header_letter_spacing=\u00bb2px\u00bb header_2_font=\u00bb|||on|||||\u00bb header_2_text_color=\u00bb#43464F\u00bb header_2_letter_spacing=\u00bb2px\u00bb header_2_line_height=\u00bb1.4em\u00bb module_alignment=\u00bbleft\u00bb custom_margin=\u00bb0px||0px||false|false\u00bb custom_padding=\u00bb0px||||false|false\u00bb custom_padding_tablet=\u00bb||30px||false|false\u00bb custom_padding_phone=\u00bb||30px||false|false\u00bb custom_padding_last_edited=\u00bbon|tablet\u00bb hover_enabled=\u00bb0&#8243; header_font_size_tablet=\u00bb\u00bb header_font_size_phone=\u00bb32px\u00bb header_font_size_last_edited=\u00bbon|phone\u00bb header_2_font_size_tablet=\u00bb\u00bb header_2_font_size_phone=\u00bb24px\u00bb header_2_font_size_last_edited=\u00bbon|phone\u00bb global_colors_info=\u00bb{}\u00bb sticky_enabled=\u00bb0&#8243;]<\/p>\n<h2>Si es un paciente o cuidador, p\u00f3ngase en contacto con nosotros<\/h2>\n<p>Actualmente estamos inscribiendo a personas con un subtipo gen\u00e9tico de demencia frontotemporal (DFT-GRN) en nuestro estudio abierto y multic\u00e9ntrico en fase I\/II ASPIRE-FTD dise\u00f1ado para evaluar la seguridad y la eficacia preliminar de la terapia g\u00e9nica en investigaci\u00f3n*, AVB-101, en pacientes con DFT-GRN.<\/p>\n<p style=\"font-weight: 400; text-align: left;\">Para obtener m\u00e1s informaci\u00f3n sobre ASPIRE-FTD, incluida una lista de centros cl\u00ednicos activos, visite <a href=\"https:\/\/clinicaltrials.gov\/study\/NCT06064890\" target=\"_blank\" rel=\"noopener\" data-saferedirecturl=\"https:\/\/www.google.com\/url?q=http:\/\/clinicaltrials.gov&amp;source=gmail&amp;ust=1696515820216000&amp;usg=AOvVaw3fbsm_slHyceouxze2dhZ2\">clinicaltrials.gov<\/a>.<\/p>\n<p style=\"font-weight: 400; text-align: left;\">Tambi\u00e9n puede ponerse en contacto con nosotros por tel\u00e9fono en el <a href=\"tel:+18885918117\">+1 (888) 591 8117<\/a>, <a href=\"tel:+442030897917\">+44 (0) 203 089 7917<\/a>\u00a0\u00a0o por correo electr\u00f3nico en <a href=\"mailto:clinicaltrials@aviadobio.com\" target=\"_blank\" rel=\"noopener\">clinicaltrials@aviadobio.com<\/a>.<\/p>\n<p style=\"font-weight: 400; text-align: left;\"><span style=\"font-size: 16px;\">*\u00a0Tratamiento en investigaci\u00f3n significa que el tratamiento no ha sido aprobado por ninguna autoridad reguladora y ninguna autoridad reguladora ha determinado que el tratamiento sea seguro y eficaz para tratar la DFT-GRN o cualquier otra afecci\u00f3n.<\/span><\/p>\n<p>[\/et_pb_text][\/et_pb_column][et_pb_column type=\u00bb2_5&#8243; disabled_on=\u00bboff|off|off\u00bb _builder_version=\u00bb4.22.1&#8243; _module_preset=\u00bbdefault\u00bb background_color=\u00bbRGBA(255,255,255,0)\u00bb custom_padding=\u00bb20px|20px|20px|20px|true|true\u00bb global_colors_info=\u00bb{}\u00bb][\/et_pb_column][\/et_pb_row][\/et_pb_section][et_pb_section fb_built=\u00bb1&#8243; custom_padding_last_edited=\u00bbon|tablet\u00bb next_background_color=\u00bb#43464F\u00bb disabled_on=\u00bbon|on|on\u00bb _builder_version=\u00bb4.22.1&#8243; _module_preset=\u00bbdefault\u00bb background_image=\u00bbhttps:\/\/quizzical-yonath.213-158-90-7.plesk.page\/wp-content\/uploads\/2023\/11\/Aspire-ftd-AviadoBio-Logo-Element-v2.png\u00bb background_size=\u00bbcustom\u00bb background_image_width=\u00bb30%\u00bb background_position=\u00bbtop_right\u00bb background_horizontal_offset=\u00bb10%\u00bb custom_margin=\u00bb0px||||false|false\u00bb custom_padding=\u00bb10vh||20vh||false|false\u00bb custom_padding_tablet=\u00bb5vh||10vh||false|false\u00bb custom_padding_phone=\u00bb\u00bb bottom_divider_style=\u00bbramp\u00bb bottom_divider_flip=\u00bbhorizontal|vertical\u00bb background_last_edited=\u00bbon|tablet\u00bb background_enable_image_tablet=\u00bboff\u00bb disabled=\u00bbon\u00bb global_colors_info=\u00bb{}\u00bb][et_pb_row column_structure=\u00bb3_5,2_5&#8243; custom_padding_last_edited=\u00bbon|phone\u00bb _builder_version=\u00bb4.24.2&#8243; _module_preset=\u00bbdefault\u00bb width_tablet=\u00bb80%\u00bb width_last_edited=\u00bboff|desktop\u00bb module_alignment=\u00bbcenter\u00bb custom_margin=\u00bb||||false|false\u00bb custom_padding=\u00bb0px||0px||false|false\u00bb custom_padding_tablet=\u00bb\u00bb custom_padding_phone=\u00bb\u00bb module_alignment_tablet=\u00bbcenter\u00bb module_alignment_phone=\u00bbcenter\u00bb module_alignment_last_edited=\u00bboff|desktop\u00bb global_colors_info=\u00bb{}\u00bb][et_pb_column type=\u00bb3_5&#8243; _builder_version=\u00bb4.22.1&#8243; _module_preset=\u00bbdefault\u00bb custom_padding_tablet=\u00bb||30px||false|false\u00bb custom_padding_phone=\u00bb||30px||false|false\u00bb custom_padding_last_edited=\u00bbon|tablet\u00bb custom_css_main_element=\u00bbmargin:auto;\u00bb global_colors_info=\u00bb{}\u00bb][et_pb_text _builder_version=\u00bb4.22.1&#8243; _module_preset=\u00bbdefault\u00bb header_font=\u00bb|||on|||||\u00bb header_font_size=\u00bb38px\u00bb header_letter_spacing=\u00bb2px\u00bb header_2_font=\u00bb|||on|||||\u00bb header_2_text_color=\u00bb#43464F\u00bb header_2_letter_spacing=\u00bb2px\u00bb header_2_line_height=\u00bb1.4em\u00bb module_alignment=\u00bbleft\u00bb custom_margin=\u00bb0px||0px||false|false\u00bb custom_padding=\u00bb0px||||false|false\u00bb custom_padding_tablet=\u00bb||30px||false|false\u00bb custom_padding_phone=\u00bb||30px||false|false\u00bb custom_padding_last_edited=\u00bbon|tablet\u00bb header_font_size_tablet=\u00bb\u00bb header_font_size_phone=\u00bb32px\u00bb header_font_size_last_edited=\u00bbon|phone\u00bb header_2_font_size_tablet=\u00bb\u00bb header_2_font_size_phone=\u00bb24px\u00bb header_2_font_size_last_edited=\u00bbon|phone\u00bb global_colors_info=\u00bb{}\u00bb]<\/p>\n<h2>Si es un paciente o cuidador, p\u00f3ngase en contacto con nosotros<\/h2>\n<p style=\"font-weight: 400; text-align: left;\">Actualmente estamos inscribiendo a personas con un subtipo gen\u00e9tico de demencia frontotemporal (DFT-GRN) en nuestro estudio cl\u00ednico abierto en fase I\/II ASPIRE-FTD para evaluar la seguridad y la eficacia preliminar de nuestra terapia g\u00e9nica en investigaci\u00f3n*, AVB-101, que ha sido dise\u00f1ada como tratamiento de una sola sesi\u00f3n para detener la progresi\u00f3n de la enfermedad administrado mediante infusi\u00f3n intratal\u00e1mica.<\/p>\n<p style=\"font-weight: 400; text-align: left;\">Para obtener m\u00e1s informaci\u00f3n sobre ASPIRE-FTD, incluida una lista de centros cl\u00ednicos activos, visite <a href=\"https:\/\/clinicaltrials.gov\/study\/NCT06064890\" target=\"_blank\" rel=\"noopener\" data-saferedirecturl=\"https:\/\/www.google.com\/url?q=http:\/\/clinicaltrials.gov&amp;source=gmail&amp;ust=1696515820216000&amp;usg=AOvVaw3fbsm_slHyceouxze2dhZ2\">clinicaltrials.gov<\/a>.<\/p>\n<p style=\"font-weight: 400; text-align: left;\">Tambi\u00e9n puede ponerse en contacto con nosotros por tel\u00e9fono en el <a href=\"tel:+442030897917\">+44 (0) 203 089 7917<\/a> o por correo electr\u00f3nico en <a href=\"mailto:clinicaltrials@aviadobio.com\">clinicaltrials@aviadobio.com<\/a>.<\/p>\n<p style=\"font-weight: 400; text-align: left;\"><span style=\"font-size: 16px;\">*\u00a0Tratamiento en investigaci\u00f3n significa que el tratamiento no ha sido aprobado por ninguna autoridad reguladora y ninguna autoridad reguladora ha determinado que el tratamiento sea seguro y eficaz para tratar la DFT-GRN o cualquier otra afecci\u00f3n.<\/span><\/p>\n<p>[\/et_pb_text][\/et_pb_column][et_pb_column type=\u00bb2_5&#8243; disabled_on=\u00bboff|off|off\u00bb _builder_version=\u00bb4.22.1&#8243; _module_preset=\u00bbdefault\u00bb background_color=\u00bbRGBA(255,255,255,0)\u00bb custom_padding=\u00bb20px|20px|20px|20px|true|true\u00bb global_colors_info=\u00bb{}\u00bb][\/et_pb_column][\/et_pb_row][\/et_pb_section]<\/p>\n","protected":false},"excerpt":{"rendered":"<p>Si es un paciente o cuidador, p\u00f3ngase en contacto con nosotros Actualmente estamos inscribiendo a personas con un subtipo gen\u00e9tico de demencia frontotemporal (DFT-GRN) en nuestro estudio abierto y multic\u00e9ntrico en fase I\/II ASPIRE-FTD dise\u00f1ado para evaluar la seguridad y la eficacia preliminar de la terapia g\u00e9nica en investigaci\u00f3n*, AVB-101, en pacientes con DFT-GRN. Para [&hellip;]<\/p>\n","protected":false},"author":1,"featured_media":0,"parent":0,"menu_order":0,"comment_status":"closed","ping_status":"closed","template":"","meta":{"_et_pb_use_builder":"on","_et_pb_old_content":"","_et_gb_content_width":"","footnotes":""},"yoast_head":"<!-- This site is optimized with the Yoast SEO plugin v23.4 - https:\/\/yoast.com\/wordpress\/plugins\/seo\/ -->\n<title>Contacto - ASPIRE-FTD<\/title>\n<meta name=\"description\" content=\"Actualmente estamos inscribiendo a personas con un subtipo gen\u00e9tico de demencia frontotemporal (DFT-GRN) en nuestro estudio abierto en fase I\/II ASPIRE-FTD\u2026\" \/>\n<meta name=\"robots\" content=\"noindex, follow, max-snippet:-1, max-image-preview:large, max-video-preview:-1\" \/>\n<meta property=\"og:locale\" content=\"es_ES\" \/>\n<meta property=\"og:type\" content=\"article\" \/>\n<meta property=\"og:title\" content=\"Contacto - ASPIRE-FTD\" \/>\n<meta property=\"og:description\" content=\"Actualmente estamos inscribiendo a personas con un subtipo gen\u00e9tico de demencia frontotemporal (DFT-GRN) en nuestro estudio abierto en fase I\/II ASPIRE-FTD\u2026\" \/>\n<meta property=\"og:url\" content=\"https:\/\/quizzical-yonath.213-158-90-7.plesk.page\/es\/contacto\/\" \/>\n<meta property=\"og:site_name\" content=\"ASPIRE-FTD\" \/>\n<meta property=\"article:modified_time\" content=\"2025-05-08T12:23:18+00:00\" \/>\n<meta property=\"og:image\" content=\"https:\/\/quizzical-yonath.213-158-90-7.plesk.page\/wp-content\/uploads\/2023\/11\/AspireFTD-500x500-1.jpg\" \/>\n\t<meta property=\"og:image:width\" content=\"500\" \/>\n\t<meta property=\"og:image:height\" content=\"500\" \/>\n\t<meta property=\"og:image:type\" content=\"image\/jpeg\" \/>\n<meta name=\"twitter:card\" content=\"summary_large_image\" \/>\n<meta name=\"twitter:label1\" content=\"Tiempo de lectura\" \/>\n\t<meta name=\"twitter:data1\" content=\"5 minutos\" \/>\n<script type=\"application\/ld+json\" class=\"yoast-schema-graph\">{\"@context\":\"https:\/\/schema.org\",\"@graph\":[{\"@type\":\"WebPage\",\"@id\":\"https:\/\/quizzical-yonath.213-158-90-7.plesk.page\/es\/contacto\/\",\"url\":\"https:\/\/quizzical-yonath.213-158-90-7.plesk.page\/es\/contacto\/\",\"name\":\"Contacto - ASPIRE-FTD\",\"isPartOf\":{\"@id\":\"https:\/\/quizzical-yonath.213-158-90-7.plesk.page\/#website\"},\"datePublished\":\"2023-08-29T11:38:28+00:00\",\"dateModified\":\"2025-05-08T12:23:18+00:00\",\"description\":\"Actualmente estamos inscribiendo a personas con un subtipo gen\u00e9tico de demencia frontotemporal (DFT-GRN) en nuestro estudio abierto en fase I\/II ASPIRE-FTD\u2026\",\"breadcrumb\":{\"@id\":\"https:\/\/quizzical-yonath.213-158-90-7.plesk.page\/es\/contacto\/#breadcrumb\"},\"inLanguage\":\"es\",\"potentialAction\":[{\"@type\":\"ReadAction\",\"target\":[\"https:\/\/quizzical-yonath.213-158-90-7.plesk.page\/es\/contacto\/\"]}]},{\"@type\":\"BreadcrumbList\",\"@id\":\"https:\/\/quizzical-yonath.213-158-90-7.plesk.page\/es\/contacto\/#breadcrumb\",\"itemListElement\":[{\"@type\":\"ListItem\",\"position\":1,\"name\":\"Home\",\"item\":\"https:\/\/quizzical-yonath.213-158-90-7.plesk.page\/\"},{\"@type\":\"ListItem\",\"position\":2,\"name\":\"Contacto\"}]},{\"@type\":\"WebSite\",\"@id\":\"https:\/\/quizzical-yonath.213-158-90-7.plesk.page\/#website\",\"url\":\"https:\/\/quizzical-yonath.213-158-90-7.plesk.page\/\",\"name\":\"ASPIRE-FTD\",\"description\":\"CLINICAL TRIAL\",\"publisher\":{\"@id\":\"https:\/\/quizzical-yonath.213-158-90-7.plesk.page\/#organization\"},\"potentialAction\":[{\"@type\":\"SearchAction\",\"target\":{\"@type\":\"EntryPoint\",\"urlTemplate\":\"https:\/\/quizzical-yonath.213-158-90-7.plesk.page\/?s={search_term_string}\"},\"query-input\":{\"@type\":\"PropertyValueSpecification\",\"valueRequired\":true,\"valueName\":\"search_term_string\"}}],\"inLanguage\":\"es\"},{\"@type\":\"Organization\",\"@id\":\"https:\/\/quizzical-yonath.213-158-90-7.plesk.page\/#organization\",\"name\":\"AviadoBio\",\"url\":\"https:\/\/quizzical-yonath.213-158-90-7.plesk.page\/\",\"logo\":{\"@type\":\"ImageObject\",\"inLanguage\":\"es\",\"@id\":\"https:\/\/quizzical-yonath.213-158-90-7.plesk.page\/#\/schema\/logo\/image\/\",\"url\":\"https:\/\/quizzical-yonath.213-158-90-7.plesk.page\/wp-content\/uploads\/2023\/11\/AspireFTD-500x500-1.jpg\",\"contentUrl\":\"https:\/\/quizzical-yonath.213-158-90-7.plesk.page\/wp-content\/uploads\/2023\/11\/AspireFTD-500x500-1.jpg\",\"width\":500,\"height\":500,\"caption\":\"AviadoBio\"},\"image\":{\"@id\":\"https:\/\/quizzical-yonath.213-158-90-7.plesk.page\/#\/schema\/logo\/image\/\"}}]}<\/script>\n<!-- \/ Yoast SEO plugin. -->","yoast_head_json":{"title":"Contacto - ASPIRE-FTD","description":"Actualmente estamos inscribiendo a personas con un subtipo gen\u00e9tico de demencia frontotemporal (DFT-GRN) en nuestro estudio abierto en fase I\/II ASPIRE-FTD\u2026","robots":{"index":"noindex","follow":"follow","max-snippet":"max-snippet:-1","max-image-preview":"max-image-preview:large","max-video-preview":"max-video-preview:-1"},"og_locale":"es_ES","og_type":"article","og_title":"Contacto - ASPIRE-FTD","og_description":"Actualmente estamos inscribiendo a personas con un subtipo gen\u00e9tico de demencia frontotemporal (DFT-GRN) en nuestro estudio abierto en fase I\/II ASPIRE-FTD\u2026","og_url":"https:\/\/quizzical-yonath.213-158-90-7.plesk.page\/es\/contacto\/","og_site_name":"ASPIRE-FTD","article_modified_time":"2025-05-08T12:23:18+00:00","og_image":[{"width":500,"height":500,"url":"https:\/\/quizzical-yonath.213-158-90-7.plesk.page\/wp-content\/uploads\/2023\/11\/AspireFTD-500x500-1.jpg","type":"image\/jpeg"}],"twitter_card":"summary_large_image","twitter_misc":{"Tiempo de lectura":"5 minutos"},"schema":{"@context":"https:\/\/schema.org","@graph":[{"@type":"WebPage","@id":"https:\/\/quizzical-yonath.213-158-90-7.plesk.page\/es\/contacto\/","url":"https:\/\/quizzical-yonath.213-158-90-7.plesk.page\/es\/contacto\/","name":"Contacto - ASPIRE-FTD","isPartOf":{"@id":"https:\/\/quizzical-yonath.213-158-90-7.plesk.page\/#website"},"datePublished":"2023-08-29T11:38:28+00:00","dateModified":"2025-05-08T12:23:18+00:00","description":"Actualmente estamos inscribiendo a personas con un subtipo gen\u00e9tico de demencia frontotemporal (DFT-GRN) en nuestro estudio abierto en fase I\/II ASPIRE-FTD\u2026","breadcrumb":{"@id":"https:\/\/quizzical-yonath.213-158-90-7.plesk.page\/es\/contacto\/#breadcrumb"},"inLanguage":"es","potentialAction":[{"@type":"ReadAction","target":["https:\/\/quizzical-yonath.213-158-90-7.plesk.page\/es\/contacto\/"]}]},{"@type":"BreadcrumbList","@id":"https:\/\/quizzical-yonath.213-158-90-7.plesk.page\/es\/contacto\/#breadcrumb","itemListElement":[{"@type":"ListItem","position":1,"name":"Home","item":"https:\/\/quizzical-yonath.213-158-90-7.plesk.page\/"},{"@type":"ListItem","position":2,"name":"Contacto"}]},{"@type":"WebSite","@id":"https:\/\/quizzical-yonath.213-158-90-7.plesk.page\/#website","url":"https:\/\/quizzical-yonath.213-158-90-7.plesk.page\/","name":"ASPIRE-FTD","description":"CLINICAL TRIAL","publisher":{"@id":"https:\/\/quizzical-yonath.213-158-90-7.plesk.page\/#organization"},"potentialAction":[{"@type":"SearchAction","target":{"@type":"EntryPoint","urlTemplate":"https:\/\/quizzical-yonath.213-158-90-7.plesk.page\/?s={search_term_string}"},"query-input":{"@type":"PropertyValueSpecification","valueRequired":true,"valueName":"search_term_string"}}],"inLanguage":"es"},{"@type":"Organization","@id":"https:\/\/quizzical-yonath.213-158-90-7.plesk.page\/#organization","name":"AviadoBio","url":"https:\/\/quizzical-yonath.213-158-90-7.plesk.page\/","logo":{"@type":"ImageObject","inLanguage":"es","@id":"https:\/\/quizzical-yonath.213-158-90-7.plesk.page\/#\/schema\/logo\/image\/","url":"https:\/\/quizzical-yonath.213-158-90-7.plesk.page\/wp-content\/uploads\/2023\/11\/AspireFTD-500x500-1.jpg","contentUrl":"https:\/\/quizzical-yonath.213-158-90-7.plesk.page\/wp-content\/uploads\/2023\/11\/AspireFTD-500x500-1.jpg","width":500,"height":500,"caption":"AviadoBio"},"image":{"@id":"https:\/\/quizzical-yonath.213-158-90-7.plesk.page\/#\/schema\/logo\/image\/"}}]}},"_links":{"self":[{"href":"https:\/\/quizzical-yonath.213-158-90-7.plesk.page\/es\/wp-json\/wp\/v2\/pages\/6218"}],"collection":[{"href":"https:\/\/quizzical-yonath.213-158-90-7.plesk.page\/es\/wp-json\/wp\/v2\/pages"}],"about":[{"href":"https:\/\/quizzical-yonath.213-158-90-7.plesk.page\/es\/wp-json\/wp\/v2\/types\/page"}],"author":[{"embeddable":true,"href":"https:\/\/quizzical-yonath.213-158-90-7.plesk.page\/es\/wp-json\/wp\/v2\/users\/1"}],"replies":[{"embeddable":true,"href":"https:\/\/quizzical-yonath.213-158-90-7.plesk.page\/es\/wp-json\/wp\/v2\/comments?post=6218"}],"version-history":[{"count":75,"href":"https:\/\/quizzical-yonath.213-158-90-7.plesk.page\/es\/wp-json\/wp\/v2\/pages\/6218\/revisions"}],"predecessor-version":[{"id":8159,"href":"https:\/\/quizzical-yonath.213-158-90-7.plesk.page\/es\/wp-json\/wp\/v2\/pages\/6218\/revisions\/8159"}],"wp:attachment":[{"href":"https:\/\/quizzical-yonath.213-158-90-7.plesk.page\/es\/wp-json\/wp\/v2\/media?parent=6218"}],"curies":[{"name":"wp","href":"https:\/\/api.w.org\/{rel}","templated":true}]}}