{"id":6250,"date":"2023-08-31T13:32:41","date_gmt":"2023-08-31T12:32:41","guid":{"rendered":"https:\/\/upbeat-bassi.138-201-129-95.plesk.page\/declaracion-web-sobre-acceso-ampliado\/"},"modified":"2025-03-27T19:13:48","modified_gmt":"2025-03-27T19:13:48","slug":"declaracion-web-sobre-acceso-ampliado","status":"publish","type":"page","link":"https:\/\/quizzical-yonath.213-158-90-7.plesk.page\/es\/declaracion-web-sobre-acceso-ampliado\/","title":{"rendered":"Declaraci\u00f3n web sobre acceso ampliado"},"content":{"rendered":"<p>[et_pb_section fb_built=\u00bb1&#8243; _builder_version=\u00bb4.16&#8243; _module_preset=\u00bbdefault\u00bb custom_padding=\u00bb10vh||18vh||false|false\u00bb bottom_divider_style=\u00bbramp\u00bb bottom_divider_color=\u00bb#43464F\u00bb bottom_divider_flip=\u00bbvertical|horizontal\u00bb global_colors_info=\u00bb{}\u00bb][et_pb_row disabled_on=\u00bboff|off|off\u00bb _builder_version=\u00bb4.22.1&#8243; _module_preset=\u00bbdefault\u00bb custom_margin=\u00bb0px||0px||false|false\u00bb custom_padding=\u00bb0px||0px||false|false\u00bb global_colors_info=\u00bb{}\u00bb][et_pb_column type=\u00bb4_4&#8243; _builder_version=\u00bb4.16&#8243; _module_preset=\u00bbdefault\u00bb global_colors_info=\u00bb{}\u00bb][et_pb_text _builder_version=\u00bb4.24.2&#8243; _module_preset=\u00bbdefault\u00bb header_font=\u00bb|||on|||||\u00bb header_font_size=\u00bb38px\u00bb header_letter_spacing=\u00bb1px\u00bb header_2_font=\u00bb|||on|||||\u00bb header_2_text_color=\u00bb#43464F\u00bb header_2_letter_spacing=\u00bb2px\u00bb header_2_line_height=\u00bb1.4em\u00bb module_alignment=\u00bbleft\u00bb custom_margin=\u00bb0px||||false|false\u00bb custom_padding=\u00bb0px||||false|false\u00bb hover_enabled=\u00bb0&#8243; header_font_size_tablet=\u00bb\u00bb header_font_size_phone=\u00bb25px\u00bb header_font_size_last_edited=\u00bbon|phone\u00bb header_2_font_size_tablet=\u00bb\u00bb header_2_font_size_phone=\u00bb24px\u00bb header_2_font_size_last_edited=\u00bbon|phone\u00bb global_colors_info=\u00bb{}\u00bb sticky_enabled=\u00bb0&#8243;]<\/p>\n<h1>Pol\u00edtica de AviadoBio sobre acceso ampliado a tratamientos en investigaci\u00f3n<\/h1>\n<p>Somos extremadamente emp\u00e1ticos con los pacientes y las familias que buscan atenci\u00f3n para sus seres queridos. En AviadoBio, buscamos incesantemente tratamientos curativos que surgen de aplicar ciencia revolucionaria y capacidad de precisi\u00f3n, en medicinas que podr\u00edan cambiar la vida de las personas que viven con demencia frontotemporal (DFT) y esclerosis lateral amiotr\u00f3fica (ELA). Gracias a nuestro profundo conocimiento del cerebro y del conjunto de plataformas de terapia g\u00e9nica patentadas y tecnolog\u00edas de administraci\u00f3n innovadoras, estamos trabajando para superar los retos de proporcionar el f\u00e1rmaco adecuado en el lugar correcto. Nuestro enfoque innovador, dirigido por la neuroanatom\u00eda, est\u00e1 dise\u00f1ado para maximizar el potencial terap\u00e9utico de la terapia g\u00e9nica para detener o potencialmente revertir enfermedades neurodegenerativas.<\/p>\n<p>[\/et_pb_text][et_pb_text _builder_version=\u00bb4.22.1&#8243; _module_preset=\u00bbdefault\u00bb header_2_font=\u00bb|||on|||||\u00bb header_2_text_color=\u00bb#43464F\u00bb header_2_font_size=\u00bb28px\u00bb header_2_letter_spacing=\u00bb2px\u00bb header_2_line_height=\u00bb1.4em\u00bb header_3_font=\u00bb|||on|||||\u00bb header_3_font_size=\u00bb24px\u00bb header_3_letter_spacing=\u00bb2px\u00bb header_2_font_size_tablet=\u00bb\u00bb header_2_font_size_phone=\u00bb28px\u00bb header_2_font_size_last_edited=\u00bbon|phone\u00bb global_colors_info=\u00bb{}\u00bb]<\/p>\n<h3>Nuestro compromiso con la investigaci\u00f3n cl\u00ednica<\/h3>\n<div class=\"\">\n<div class=\"WordSection1\">\n<p>Estamos comprometidos con una estrecha colaboraci\u00f3n con investigadores, m\u00e9dicos, equipos de centros de ensayos cl\u00ednicos, pacientes y familias para realizar el reclutamiento, la ejecuci\u00f3n y el an\u00e1lisis de nuestros estudios cl\u00ednicos. Si tienen \u00e9xito, los datos de estos estudios pueden respaldar las presentaciones a las autoridades reguladoras (como la Administraci\u00f3n de Alimentos y Medicamentos (Food and Drug Administration, FDA) de los EE. UU. y la Agencia Europea de Medicamentos (European Medicines Agency, EMA)) para obtener su aprobaci\u00f3n, con el objetivo final de poner nuestros medicamentos a disposici\u00f3n de tantos pacientes aptos que lo necesiten como sea posible, de la forma m\u00e1s segura y r\u00e1pida posible.<span style=\"font-size: 19px;\"><\/span><\/p>\n<\/div>\n<\/div>\n<p>[\/et_pb_text][et_pb_text _builder_version=\u00bb4.22.1&#8243; _module_preset=\u00bbdefault\u00bb header_2_font=\u00bb|||on|||||\u00bb header_2_text_color=\u00bb#43464F\u00bb header_2_font_size=\u00bb28px\u00bb header_2_letter_spacing=\u00bb2px\u00bb header_2_line_height=\u00bb1.4em\u00bb header_3_font=\u00bb|||on|||||\u00bb header_3_font_size=\u00bb24px\u00bb header_3_letter_spacing=\u00bb2px\u00bb header_2_font_size_tablet=\u00bb\u00bb header_2_font_size_phone=\u00bb28px\u00bb header_2_font_size_last_edited=\u00bbon|phone\u00bb global_colors_info=\u00bb{}\u00bb]<\/p>\n<div class=\"\">\n<div class=\"WordSection1\">\n<h3 style=\"text-align: left;\">Pol\u00edtica de acceso ampliado\/uso compasivo<\/h3>\n<div class=\"\">\n<div class=\"WordSection1\">\n<div class=\"\">\n<div class=\"WordSection1\">\n<p>En este momento, AVB-101 es una terapia g\u00e9nica en investigaci\u00f3n que solo est\u00e1 disponible para los participantes de ensayos cl\u00ednicos en curso. Puede encontrar m\u00e1s informaci\u00f3n sobre el estudio ASPIRE-FTD en curso <a href=\"https:\/\/clinicaltrials.gov\/study\/NCT06064890\" target=\"_blank\" rel=\"noopener\">aqu\u00ed<\/a>.<\/p>\n<p>Actualmente no existe un \u201cprograma de acceso ampliado\u201d para AVB-101. A veces, el acceso ampliado tambi\u00e9n se denomina uso compasivo o acceso previo a la aprobaci\u00f3n, y en ocasiones lo ofrecen determinadas empresas, normalmente en una etapa posterior del desarrollo del f\u00e1rmaco cuando hay m\u00e1s datos disponibles sobre el producto en investigaci\u00f3n.<\/p>\n<p>Si tiene alguna pregunta sobre esta pol\u00edtica de acceso ampliado, pida a su m\u00e9dico que se ponga en contacto con nosotros en <a href=\"mailto:expandedaccess@aviadobio.com\">expandedaccess@aviadobio.com<\/a>. Acusaremos recibo de las preguntas o solicitudes de acceso ampliado que se nos env\u00eden en un plazo de cinco (5) d\u00edas h\u00e1biles desde su recepci\u00f3n.<\/p>\n<p>Seguiremos evaluando la posibilidad de ampliar el acceso a medida que avancemos en el desarrollo de nuestros medicamentos en investigaci\u00f3n. AviadoBio puede modificar esta Pol\u00edtica de acceso ampliada en cualquier momento de acuerdo con la Ley de curas del siglo XXI de EE. UU. (21st Century Cures Act).<span style=\"font-size: 19px;\"><\/span><\/p>\n<\/div>\n<\/div>\n<\/div>\n<\/div>\n<\/div>\n<\/div>\n<p>[\/et_pb_text][\/et_pb_column][\/et_pb_row][\/et_pb_section][et_pb_section fb_built=\u00bb1&#8243; _builder_version=\u00bb4.16&#8243; _module_preset=\u00bbdefault\u00bb custom_padding=\u00bb10vh||18vh||false|false\u00bb bottom_divider_style=\u00bbramp\u00bb bottom_divider_color=\u00bb#43464F\u00bb bottom_divider_flip=\u00bbvertical|horizontal\u00bb global_colors_info=\u00bb{}\u00bb disabled_on=\u00bbon|on|on\u00bb disabled=\u00bbon\u00bb][et_pb_row disabled_on=\u00bboff|off|off\u00bb _builder_version=\u00bb4.22.1&#8243; _module_preset=\u00bbdefault\u00bb custom_margin=\u00bb0px||0px||false|false\u00bb custom_padding=\u00bb0px||0px||false|false\u00bb global_colors_info=\u00bb{}\u00bb][et_pb_column type=\u00bb4_4&#8243; _builder_version=\u00bb4.16&#8243; _module_preset=\u00bbdefault\u00bb global_colors_info=\u00bb{}\u00bb][et_pb_text _builder_version=\u00bb4.22.1&#8243; _module_preset=\u00bbdefault\u00bb header_font=\u00bb|||on|||||\u00bb header_font_size=\u00bb38px\u00bb header_letter_spacing=\u00bb1px\u00bb header_2_font=\u00bb|||on|||||\u00bb header_2_text_color=\u00bb#43464F\u00bb header_2_letter_spacing=\u00bb2px\u00bb header_2_line_height=\u00bb1.4em\u00bb module_alignment=\u00bbleft\u00bb custom_margin=\u00bb0px||||false|false\u00bb custom_padding=\u00bb0px||||false|false\u00bb header_font_size_tablet=\u00bb\u00bb header_font_size_phone=\u00bb25px\u00bb header_font_size_last_edited=\u00bbon|phone\u00bb header_2_font_size_tablet=\u00bb\u00bb header_2_font_size_phone=\u00bb24px\u00bb header_2_font_size_last_edited=\u00bbon|phone\u00bb global_colors_info=\u00bb{}\u00bb]<\/p>\n<h1>Pol\u00edtica de AviadoBio sobre acceso ampliado a tratamientos en investigaci\u00f3n<\/h1>\n<p>En AviadoBio, somos extremadamente comprensivos con los pacientes y las familias que buscan atenci\u00f3n para sus seres queridos diagnosticados con trastornos neurol\u00f3gicos debilitantes. Nuestra misi\u00f3n es desarrollar terapias g\u00e9nicas potencialmente transformadoras y ofrecerlas a las personas que viven con enfermedades neurodegenerativas como la demencia frontotemporal (DFT) y la esclerosis lateral amiotr\u00f3fica (ELA). Nuestro equipo trabaja incansablemente para superar los desaf\u00edos de una administraci\u00f3n del f\u00e1rmaco adecuada en el lugar adecuado del SNC. Nuestro enfoque innovador est\u00e1 dise\u00f1ado para maximizar el potencial terap\u00e9utico de la terapia g\u00e9nica para detener o potencialmente revertir enfermedades neurodegenerativas.<\/p>\n<p>[\/et_pb_text][et_pb_text _builder_version=\u00bb4.22.1&#8243; _module_preset=\u00bbdefault\u00bb header_2_font=\u00bb|||on|||||\u00bb header_2_text_color=\u00bb#43464F\u00bb header_2_font_size=\u00bb28px\u00bb header_2_letter_spacing=\u00bb2px\u00bb header_2_line_height=\u00bb1.4em\u00bb header_3_font=\u00bb|||on|||||\u00bb header_3_font_size=\u00bb24px\u00bb header_3_letter_spacing=\u00bb2px\u00bb header_2_font_size_tablet=\u00bb\u00bb header_2_font_size_phone=\u00bb28px\u00bb header_2_font_size_last_edited=\u00bbon|phone\u00bb global_colors_info=\u00bb{}\u00bb]<\/p>\n<h3>Nuestro compromiso con la investigaci\u00f3n cl\u00ednica<\/h3>\n<div class=\"\">\n<div class=\"WordSection1\">\n<p>Estamos comprometidos con una estrecha colaboraci\u00f3n con investigadores, m\u00e9dicos, equipos de centros de ensayos cl\u00ednicos, pacientes y familias para realizar el reclutamiento, la ejecuci\u00f3n y el an\u00e1lisis de nuestros estudios cl\u00ednicos. Si tienen \u00e9xito, los datos de estos estudios pueden respaldar las presentaciones a las autoridades reguladoras (como la Administraci\u00f3n de Alimentos y Medicamentos (Food and Drug Administration, FDA) de los EE. UU. y la Agencia Europea de Medicamentos (European Medicines Agency, EMA)) para obtener su aprobaci\u00f3n, con el objetivo final de poner nuestros medicamentos a disposici\u00f3n de tantos pacientes aptos que lo necesiten como sea posible, de la forma m\u00e1s segura y r\u00e1pida posible.<span style=\"font-size: 19px;\"><\/span><\/p>\n<\/div>\n<\/div>\n<p>[\/et_pb_text][et_pb_text _builder_version=\u00bb4.22.1&#8243; _module_preset=\u00bbdefault\u00bb header_2_font=\u00bb|||on|||||\u00bb header_2_text_color=\u00bb#43464F\u00bb header_2_font_size=\u00bb28px\u00bb header_2_letter_spacing=\u00bb2px\u00bb header_2_line_height=\u00bb1.4em\u00bb header_3_font=\u00bb|||on|||||\u00bb header_3_font_size=\u00bb24px\u00bb header_3_letter_spacing=\u00bb2px\u00bb header_2_font_size_tablet=\u00bb\u00bb header_2_font_size_phone=\u00bb28px\u00bb header_2_font_size_last_edited=\u00bbon|phone\u00bb global_colors_info=\u00bb{}\u00bb]<\/p>\n<div class=\"\">\n<div class=\"WordSection1\">\n<h3 style=\"text-align: left;\">Pol\u00edtica de acceso ampliado\/uso compasivo<\/h3>\n<div class=\"\">\n<div class=\"WordSection1\">\n<div class=\"\">\n<div class=\"WordSection1\">\n<p>En este momento, AVB-101 es una terapia g\u00e9nica en investigaci\u00f3n que solo est\u00e1 disponible para los participantes de ensayos cl\u00ednicos en curso. Puede encontrar m\u00e1s informaci\u00f3n sobre el estudio ASPIRE-FTD en curso <a href=\"https:\/\/clinicaltrials.gov\/study\/NCT06064890\" target=\"_blank\" rel=\"noopener\">aqu\u00ed<\/a>.<\/p>\n<p>Actualmente no existe un \u201cprograma de acceso ampliado\u201d para AVB-101. A veces, el acceso ampliado tambi\u00e9n se denomina uso compasivo o acceso previo a la aprobaci\u00f3n, y en ocasiones lo ofrecen determinadas empresas, normalmente en una etapa posterior del desarrollo del f\u00e1rmaco cuando hay m\u00e1s datos disponibles sobre el producto en investigaci\u00f3n.<\/p>\n<p>Si tiene alguna pregunta sobre esta pol\u00edtica de acceso ampliado, pida a su m\u00e9dico que se ponga en contacto con nosotros en <a href=\"mailto:expandedaccess@aviadobio.com\">expandedaccess@aviadobio.com<\/a>. Acusaremos recibo de las preguntas o solicitudes de acceso ampliado que se nos env\u00eden en un plazo de cinco (5) d\u00edas h\u00e1biles desde su recepci\u00f3n.<\/p>\n<p>Seguiremos evaluando la posibilidad de ampliar el acceso a medida que avancemos en el desarrollo de nuestros medicamentos en investigaci\u00f3n. AviadoBio puede modificar esta Pol\u00edtica de acceso ampliada en cualquier momento de acuerdo con la Ley de curas del siglo XXI de EE. UU. (21st Century Cures Act).<span style=\"font-size: 19px;\"><\/span><\/p>\n<\/div>\n<\/div>\n<\/div>\n<\/div>\n<\/div>\n<\/div>\n<p>[\/et_pb_text][\/et_pb_column][\/et_pb_row][\/et_pb_section]<\/p>\n","protected":false},"excerpt":{"rendered":"<p>Pol\u00edtica de AviadoBio sobre acceso ampliado a tratamientos en investigaci\u00f3n Somos extremadamente emp\u00e1ticos con los pacientes y las familias que buscan atenci\u00f3n para sus seres queridos. En AviadoBio, buscamos incesantemente tratamientos curativos que surgen de aplicar ciencia revolucionaria y capacidad de precisi\u00f3n, en medicinas que podr\u00edan cambiar la vida de las personas que viven con [&hellip;]<\/p>\n","protected":false},"author":1,"featured_media":0,"parent":0,"menu_order":0,"comment_status":"closed","ping_status":"closed","template":"","meta":{"_et_pb_use_builder":"on","_et_pb_old_content":"","_et_gb_content_width":"","footnotes":""},"yoast_head":"<!-- This site is optimized with the Yoast SEO plugin v23.4 - https:\/\/yoast.com\/wordpress\/plugins\/seo\/ -->\n<title>Declaraci\u00f3n web sobre acceso ampliado - ASPIRE-FTD<\/title>\n<meta name=\"robots\" content=\"noindex, follow, max-snippet:-1, max-image-preview:large, max-video-preview:-1\" \/>\n<meta property=\"og:locale\" content=\"es_ES\" \/>\n<meta property=\"og:type\" content=\"article\" \/>\n<meta property=\"og:title\" content=\"Declaraci\u00f3n web sobre acceso ampliado - ASPIRE-FTD\" \/>\n<meta property=\"og:description\" content=\"Pol\u00edtica de AviadoBio sobre acceso ampliado a tratamientos en investigaci\u00f3n Somos extremadamente emp\u00e1ticos con los pacientes y las familias que buscan atenci\u00f3n para sus seres queridos. En AviadoBio, buscamos incesantemente tratamientos curativos que surgen de aplicar ciencia revolucionaria y capacidad de precisi\u00f3n, en medicinas que podr\u00edan cambiar la vida de las personas que viven con [&hellip;]\" \/>\n<meta property=\"og:url\" content=\"https:\/\/quizzical-yonath.213-158-90-7.plesk.page\/expanded-access-web-statement\/\" \/>\n<meta property=\"og:site_name\" content=\"ASPIRE-FTD\" \/>\n<meta property=\"article:modified_time\" content=\"2025-03-27T19:13:48+00:00\" \/>\n<meta property=\"og:image\" content=\"https:\/\/quizzical-yonath.213-158-90-7.plesk.page\/wp-content\/uploads\/2023\/11\/AspireFTD-500x500-1.jpg\" \/>\n\t<meta property=\"og:image:width\" content=\"500\" \/>\n\t<meta property=\"og:image:height\" content=\"500\" \/>\n\t<meta property=\"og:image:type\" content=\"image\/jpeg\" \/>\n<meta name=\"twitter:card\" content=\"summary_large_image\" \/>\n<meta name=\"twitter:label1\" content=\"Tiempo de lectura\" \/>\n\t<meta name=\"twitter:data1\" content=\"8 minutos\" \/>\n<script type=\"application\/ld+json\" class=\"yoast-schema-graph\">{\"@context\":\"https:\/\/schema.org\",\"@graph\":[{\"@type\":\"WebPage\",\"@id\":\"https:\/\/quizzical-yonath.213-158-90-7.plesk.page\/expanded-access-web-statement\/\",\"url\":\"https:\/\/quizzical-yonath.213-158-90-7.plesk.page\/expanded-access-web-statement\/\",\"name\":\"Declaraci\u00f3n web sobre acceso ampliado - ASPIRE-FTD\",\"isPartOf\":{\"@id\":\"https:\/\/quizzical-yonath.213-158-90-7.plesk.page\/#website\"},\"datePublished\":\"2023-08-31T12:32:41+00:00\",\"dateModified\":\"2025-03-27T19:13:48+00:00\",\"breadcrumb\":{\"@id\":\"https:\/\/quizzical-yonath.213-158-90-7.plesk.page\/expanded-access-web-statement\/#breadcrumb\"},\"inLanguage\":\"es\",\"potentialAction\":[{\"@type\":\"ReadAction\",\"target\":[\"https:\/\/quizzical-yonath.213-158-90-7.plesk.page\/expanded-access-web-statement\/\"]}]},{\"@type\":\"BreadcrumbList\",\"@id\":\"https:\/\/quizzical-yonath.213-158-90-7.plesk.page\/expanded-access-web-statement\/#breadcrumb\",\"itemListElement\":[{\"@type\":\"ListItem\",\"position\":1,\"name\":\"Home\",\"item\":\"https:\/\/quizzical-yonath.213-158-90-7.plesk.page\/\"},{\"@type\":\"ListItem\",\"position\":2,\"name\":\"Declaraci\u00f3n web sobre acceso ampliado\"}]},{\"@type\":\"WebSite\",\"@id\":\"https:\/\/quizzical-yonath.213-158-90-7.plesk.page\/#website\",\"url\":\"https:\/\/quizzical-yonath.213-158-90-7.plesk.page\/\",\"name\":\"ASPIRE-FTD\",\"description\":\"CLINICAL TRIAL\",\"publisher\":{\"@id\":\"https:\/\/quizzical-yonath.213-158-90-7.plesk.page\/#organization\"},\"potentialAction\":[{\"@type\":\"SearchAction\",\"target\":{\"@type\":\"EntryPoint\",\"urlTemplate\":\"https:\/\/quizzical-yonath.213-158-90-7.plesk.page\/?s={search_term_string}\"},\"query-input\":{\"@type\":\"PropertyValueSpecification\",\"valueRequired\":true,\"valueName\":\"search_term_string\"}}],\"inLanguage\":\"es\"},{\"@type\":\"Organization\",\"@id\":\"https:\/\/quizzical-yonath.213-158-90-7.plesk.page\/#organization\",\"name\":\"AviadoBio\",\"url\":\"https:\/\/quizzical-yonath.213-158-90-7.plesk.page\/\",\"logo\":{\"@type\":\"ImageObject\",\"inLanguage\":\"es\",\"@id\":\"https:\/\/quizzical-yonath.213-158-90-7.plesk.page\/#\/schema\/logo\/image\/\",\"url\":\"https:\/\/quizzical-yonath.213-158-90-7.plesk.page\/wp-content\/uploads\/2023\/11\/AspireFTD-500x500-1.jpg\",\"contentUrl\":\"https:\/\/quizzical-yonath.213-158-90-7.plesk.page\/wp-content\/uploads\/2023\/11\/AspireFTD-500x500-1.jpg\",\"width\":500,\"height\":500,\"caption\":\"AviadoBio\"},\"image\":{\"@id\":\"https:\/\/quizzical-yonath.213-158-90-7.plesk.page\/#\/schema\/logo\/image\/\"}}]}<\/script>\n<!-- \/ Yoast SEO plugin. -->","yoast_head_json":{"title":"Declaraci\u00f3n web sobre acceso ampliado - ASPIRE-FTD","robots":{"index":"noindex","follow":"follow","max-snippet":"max-snippet:-1","max-image-preview":"max-image-preview:large","max-video-preview":"max-video-preview:-1"},"og_locale":"es_ES","og_type":"article","og_title":"Declaraci\u00f3n web sobre acceso ampliado - ASPIRE-FTD","og_description":"Pol\u00edtica de AviadoBio sobre acceso ampliado a tratamientos en investigaci\u00f3n Somos extremadamente emp\u00e1ticos con los pacientes y las familias que buscan atenci\u00f3n para sus seres queridos. En AviadoBio, buscamos incesantemente tratamientos curativos que surgen de aplicar ciencia revolucionaria y capacidad de precisi\u00f3n, en medicinas que podr\u00edan cambiar la vida de las personas que viven con [&hellip;]","og_url":"https:\/\/quizzical-yonath.213-158-90-7.plesk.page\/expanded-access-web-statement\/","og_site_name":"ASPIRE-FTD","article_modified_time":"2025-03-27T19:13:48+00:00","og_image":[{"width":500,"height":500,"url":"https:\/\/quizzical-yonath.213-158-90-7.plesk.page\/wp-content\/uploads\/2023\/11\/AspireFTD-500x500-1.jpg","type":"image\/jpeg"}],"twitter_card":"summary_large_image","twitter_misc":{"Tiempo de lectura":"8 minutos"},"schema":{"@context":"https:\/\/schema.org","@graph":[{"@type":"WebPage","@id":"https:\/\/quizzical-yonath.213-158-90-7.plesk.page\/expanded-access-web-statement\/","url":"https:\/\/quizzical-yonath.213-158-90-7.plesk.page\/expanded-access-web-statement\/","name":"Declaraci\u00f3n web sobre acceso ampliado - ASPIRE-FTD","isPartOf":{"@id":"https:\/\/quizzical-yonath.213-158-90-7.plesk.page\/#website"},"datePublished":"2023-08-31T12:32:41+00:00","dateModified":"2025-03-27T19:13:48+00:00","breadcrumb":{"@id":"https:\/\/quizzical-yonath.213-158-90-7.plesk.page\/expanded-access-web-statement\/#breadcrumb"},"inLanguage":"es","potentialAction":[{"@type":"ReadAction","target":["https:\/\/quizzical-yonath.213-158-90-7.plesk.page\/expanded-access-web-statement\/"]}]},{"@type":"BreadcrumbList","@id":"https:\/\/quizzical-yonath.213-158-90-7.plesk.page\/expanded-access-web-statement\/#breadcrumb","itemListElement":[{"@type":"ListItem","position":1,"name":"Home","item":"https:\/\/quizzical-yonath.213-158-90-7.plesk.page\/"},{"@type":"ListItem","position":2,"name":"Declaraci\u00f3n web sobre acceso ampliado"}]},{"@type":"WebSite","@id":"https:\/\/quizzical-yonath.213-158-90-7.plesk.page\/#website","url":"https:\/\/quizzical-yonath.213-158-90-7.plesk.page\/","name":"ASPIRE-FTD","description":"CLINICAL TRIAL","publisher":{"@id":"https:\/\/quizzical-yonath.213-158-90-7.plesk.page\/#organization"},"potentialAction":[{"@type":"SearchAction","target":{"@type":"EntryPoint","urlTemplate":"https:\/\/quizzical-yonath.213-158-90-7.plesk.page\/?s={search_term_string}"},"query-input":{"@type":"PropertyValueSpecification","valueRequired":true,"valueName":"search_term_string"}}],"inLanguage":"es"},{"@type":"Organization","@id":"https:\/\/quizzical-yonath.213-158-90-7.plesk.page\/#organization","name":"AviadoBio","url":"https:\/\/quizzical-yonath.213-158-90-7.plesk.page\/","logo":{"@type":"ImageObject","inLanguage":"es","@id":"https:\/\/quizzical-yonath.213-158-90-7.plesk.page\/#\/schema\/logo\/image\/","url":"https:\/\/quizzical-yonath.213-158-90-7.plesk.page\/wp-content\/uploads\/2023\/11\/AspireFTD-500x500-1.jpg","contentUrl":"https:\/\/quizzical-yonath.213-158-90-7.plesk.page\/wp-content\/uploads\/2023\/11\/AspireFTD-500x500-1.jpg","width":500,"height":500,"caption":"AviadoBio"},"image":{"@id":"https:\/\/quizzical-yonath.213-158-90-7.plesk.page\/#\/schema\/logo\/image\/"}}]}},"_links":{"self":[{"href":"https:\/\/quizzical-yonath.213-158-90-7.plesk.page\/es\/wp-json\/wp\/v2\/pages\/6250"}],"collection":[{"href":"https:\/\/quizzical-yonath.213-158-90-7.plesk.page\/es\/wp-json\/wp\/v2\/pages"}],"about":[{"href":"https:\/\/quizzical-yonath.213-158-90-7.plesk.page\/es\/wp-json\/wp\/v2\/types\/page"}],"author":[{"embeddable":true,"href":"https:\/\/quizzical-yonath.213-158-90-7.plesk.page\/es\/wp-json\/wp\/v2\/users\/1"}],"replies":[{"embeddable":true,"href":"https:\/\/quizzical-yonath.213-158-90-7.plesk.page\/es\/wp-json\/wp\/v2\/comments?post=6250"}],"version-history":[{"count":13,"href":"https:\/\/quizzical-yonath.213-158-90-7.plesk.page\/es\/wp-json\/wp\/v2\/pages\/6250\/revisions"}],"predecessor-version":[{"id":7877,"href":"https:\/\/quizzical-yonath.213-158-90-7.plesk.page\/es\/wp-json\/wp\/v2\/pages\/6250\/revisions\/7877"}],"wp:attachment":[{"href":"https:\/\/quizzical-yonath.213-158-90-7.plesk.page\/es\/wp-json\/wp\/v2\/media?parent=6250"}],"curies":[{"name":"wp","href":"https:\/\/api.w.org\/{rel}","templated":true}]}}