{"id":6053,"date":"2023-08-29T12:38:28","date_gmt":"2023-08-29T11:38:28","guid":{"rendered":"https:\/\/upbeat-bassi.138-201-129-95.plesk.page\/kontakt\/"},"modified":"2025-05-08T13:22:41","modified_gmt":"2025-05-08T12:22:41","slug":"kontakt","status":"publish","type":"page","link":"https:\/\/quizzical-yonath.213-158-90-7.plesk.page\/pl\/kontakt\/","title":{"rendered":"Kontakt"},"content":{"rendered":"<p>[et_pb_section fb_built=&#8221;1&#8243; custom_padding_last_edited=&#8221;on|tablet&#8221; _builder_version=&#8221;4.24.2&#8243; _module_preset=&#8221;default&#8221; background_image=&#8221;https:\/\/quizzical-yonath.213-158-90-7.plesk.page\/wp-content\/uploads\/2023\/11\/Aspire-ftd-AviadoBio-Logo-Element-v2.png&#8221; background_size=&#8221;custom&#8221; background_image_width=&#8221;30%&#8221; background_position=&#8221;top_right&#8221; background_horizontal_offset=&#8221;10%&#8221; custom_margin=&#8221;0px||||false|false&#8221; custom_padding=&#8221;10vh||20vh||false|false&#8221; custom_padding_tablet=&#8221;5vh||10vh||false|false&#8221; custom_padding_phone=&#8221;&#8221; bottom_divider_style=&#8221;ramp&#8221; bottom_divider_color=&#8221;#43464F&#8221; bottom_divider_flip=&#8221;horizontal|vertical&#8221; background_last_edited=&#8221;on|tablet&#8221; background_enable_image_tablet=&#8221;off&#8221; global_colors_info=&#8221;{}&#8221;][et_pb_row column_structure=&#8221;3_5,2_5&#8243; custom_padding_last_edited=&#8221;on|phone&#8221; _builder_version=&#8221;4.24.2&#8243; _module_preset=&#8221;default&#8221; width_tablet=&#8221;80%&#8221; width_last_edited=&#8221;off|desktop&#8221; module_alignment=&#8221;center&#8221; custom_margin=&#8221;||||false|false&#8221; custom_padding=&#8221;0px||0px||false|false&#8221; custom_padding_tablet=&#8221;&#8221; custom_padding_phone=&#8221;&#8221; module_alignment_tablet=&#8221;center&#8221; module_alignment_phone=&#8221;center&#8221; module_alignment_last_edited=&#8221;off|desktop&#8221; global_colors_info=&#8221;{}&#8221;][et_pb_column type=&#8221;3_5&#8243; _builder_version=&#8221;4.22.1&#8243; _module_preset=&#8221;default&#8221; custom_padding_tablet=&#8221;||30px||false|false&#8221; custom_padding_phone=&#8221;||30px||false|false&#8221; custom_padding_last_edited=&#8221;on|tablet&#8221; custom_css_main_element=&#8221;margin:auto;&#8221; global_colors_info=&#8221;{}&#8221;][et_pb_text _builder_version=&#8221;4.24.2&#8243; _module_preset=&#8221;default&#8221; header_font=&#8221;|||on|||||&#8221; header_font_size=&#8221;38px&#8221; header_letter_spacing=&#8221;2px&#8221; header_2_font=&#8221;|||on|||||&#8221; header_2_text_color=&#8221;#43464F&#8221; header_2_letter_spacing=&#8221;2px&#8221; header_2_line_height=&#8221;1.4em&#8221; module_alignment=&#8221;left&#8221; custom_margin=&#8221;0px||0px||false|false&#8221; custom_padding=&#8221;0px||||false|false&#8221; custom_padding_tablet=&#8221;||30px||false|false&#8221; custom_padding_phone=&#8221;||30px||false|false&#8221; custom_padding_last_edited=&#8221;on|tablet&#8221; hover_enabled=&#8221;0&#8243; header_font_size_tablet=&#8221;&#8221; header_font_size_phone=&#8221;32px&#8221; header_font_size_last_edited=&#8221;on|phone&#8221; header_2_font_size_tablet=&#8221;&#8221; header_2_font_size_phone=&#8221;24px&#8221; header_2_font_size_last_edited=&#8221;on|phone&#8221; global_colors_info=&#8221;{}&#8221; sticky_enabled=&#8221;0&#8243;]<\/p>\n<h2>Je\u015bli jeste\u015b pacjentem lub opiekunem, skontaktuj si\u0119 z nami<\/h2>\n<p>Obecnie prowadzimy nab\u00f3r os\u00f3b z genetycznym podtypem ot\u0119pienia czo\u0142owo-skroniowego (FTD-GRN) do naszego wieloo\u015brodkowego, prowadzonego metod\u0105 otwartej pr\u00f3by badania fazy I\/II ASPIRE-FTD w celu oceny bezpiecze\u0144stwa i wst\u0119pnej skuteczno\u015bci naszej eksperymentalnej* terapii genowej, AVB-101 u\u00a0pacjent\u00f3w z\u00a0FTD-GRN.<\/p>\n<p style=\"font-weight: 400; text-align: left;\">Wi\u0119cej informacji na temat badania ASPIRE-FTD, w tym list\u0119 aktywnych o\u015brodk\u00f3w klinicznych, mo\u017cna znale\u017a\u0107 na stronie <a href=\"https:\/\/clinicaltrials.gov\/study\/NCT06064890\" target=\"_blank\" rel=\"noopener\" data-saferedirecturl=\"https:\/\/www.google.com\/url?q=http:\/\/clinicaltrials.gov&amp;source=gmail&amp;ust=1696515820216000&amp;usg=AOvVaw3fbsm_slHyceouxze2dhZ2\">clinicaltrials.gov<\/a>.<\/p>\n<p style=\"font-weight: 400; text-align: left;\">Mo\u017cna r\u00f3wnie\u017c skontaktowa\u0107 si\u0119 z nami telefonicznie pod numerem <a href=\"tel:+18885918117\">+1 (888) 591 8117<\/a>, <a href=\"tel:+442030897917\">+44 (0) 203 089 7917<\/a>\u00a0\u00a0lub wysy\u0142aj\u0105c wiadomo\u015b\u0107 e-mail na adres <a href=\"mailto:clinicaltrials@aviadobio.com\" target=\"_blank\" rel=\"noopener\">clinicaltrials@aviadobio.com<\/a>.<\/p>\n<p style=\"font-weight: 400; text-align: left;\"><span style=\"font-size: 16px;\">*Terapia eksperymentalna oznacza, \u017ce nie zosta\u0142a ona zatwierdzona przez \u017caden organ regulacyjny i \u017caden organ regulacyjny nie okre\u015bli\u0142, \u017ce jest ona bezpieczna i skuteczna w leczeniu FTD-GRN lub jakiegokolwiek innego schorzenia.<\/span><\/p>\n<p>[\/et_pb_text][\/et_pb_column][et_pb_column type=&#8221;2_5&#8243; disabled_on=&#8221;off|off|off&#8221; _builder_version=&#8221;4.22.1&#8243; _module_preset=&#8221;default&#8221; background_color=&#8221;RGBA(255,255,255,0)&#8221; custom_padding=&#8221;20px|20px|20px|20px|true|true&#8221; global_colors_info=&#8221;{}&#8221;][\/et_pb_column][\/et_pb_row][\/et_pb_section][et_pb_section fb_built=&#8221;1&#8243; custom_padding_last_edited=&#8221;on|tablet&#8221; next_background_color=&#8221;#43464F&#8221; disabled_on=&#8221;on|on|on&#8221; _builder_version=&#8221;4.22.1&#8243; _module_preset=&#8221;default&#8221; background_image=&#8221;https:\/\/quizzical-yonath.213-158-90-7.plesk.page\/wp-content\/uploads\/2023\/11\/Aspire-ftd-AviadoBio-Logo-Element-v2.png&#8221; background_size=&#8221;custom&#8221; background_image_width=&#8221;30%&#8221; background_position=&#8221;top_right&#8221; background_horizontal_offset=&#8221;10%&#8221; custom_margin=&#8221;0px||||false|false&#8221; custom_padding=&#8221;10vh||20vh||false|false&#8221; custom_padding_tablet=&#8221;5vh||10vh||false|false&#8221; custom_padding_phone=&#8221;&#8221; bottom_divider_style=&#8221;ramp&#8221; bottom_divider_flip=&#8221;horizontal|vertical&#8221; background_last_edited=&#8221;on|tablet&#8221; background_enable_image_tablet=&#8221;off&#8221; disabled=&#8221;on&#8221; global_colors_info=&#8221;{}&#8221;][et_pb_row column_structure=&#8221;3_5,2_5&#8243; custom_padding_last_edited=&#8221;on|phone&#8221; _builder_version=&#8221;4.24.2&#8243; _module_preset=&#8221;default&#8221; width_tablet=&#8221;80%&#8221; width_last_edited=&#8221;off|desktop&#8221; module_alignment=&#8221;center&#8221; custom_margin=&#8221;||||false|false&#8221; custom_padding=&#8221;0px||0px||false|false&#8221; custom_padding_tablet=&#8221;&#8221; custom_padding_phone=&#8221;&#8221; module_alignment_tablet=&#8221;center&#8221; module_alignment_phone=&#8221;center&#8221; module_alignment_last_edited=&#8221;off|desktop&#8221; global_colors_info=&#8221;{}&#8221;][et_pb_column type=&#8221;3_5&#8243; _builder_version=&#8221;4.22.1&#8243; _module_preset=&#8221;default&#8221; custom_padding_tablet=&#8221;||30px||false|false&#8221; custom_padding_phone=&#8221;||30px||false|false&#8221; custom_padding_last_edited=&#8221;on|tablet&#8221; custom_css_main_element=&#8221;margin:auto;&#8221; global_colors_info=&#8221;{}&#8221;][et_pb_text _builder_version=&#8221;4.22.1&#8243; _module_preset=&#8221;default&#8221; header_font=&#8221;|||on|||||&#8221; header_font_size=&#8221;38px&#8221; header_letter_spacing=&#8221;2px&#8221; header_2_font=&#8221;|||on|||||&#8221; header_2_text_color=&#8221;#43464F&#8221; header_2_letter_spacing=&#8221;2px&#8221; header_2_line_height=&#8221;1.4em&#8221; module_alignment=&#8221;left&#8221; custom_margin=&#8221;0px||0px||false|false&#8221; custom_padding=&#8221;0px||||false|false&#8221; custom_padding_tablet=&#8221;||30px||false|false&#8221; custom_padding_phone=&#8221;||30px||false|false&#8221; custom_padding_last_edited=&#8221;on|tablet&#8221; header_font_size_tablet=&#8221;&#8221; header_font_size_phone=&#8221;32px&#8221; header_font_size_last_edited=&#8221;on|phone&#8221; header_2_font_size_tablet=&#8221;&#8221; header_2_font_size_phone=&#8221;24px&#8221; header_2_font_size_last_edited=&#8221;on|phone&#8221; global_colors_info=&#8221;{}&#8221;]<\/p>\n<h2>Je\u015bli jeste\u015b pacjentem lub opiekunem, skontaktuj si\u0119 z nami<\/h2>\n<p style=\"font-weight: 400; text-align: left;\">Obecnie prowadzimy nab\u00f3r os\u00f3b z genetycznym podtypem ot\u0119pienia czo\u0142owo-skroniowego (FTD-GRN) do naszego wieloo\u015brodkowego, prowadzonego metod\u0105 otwartej pr\u00f3by badania fazy I\/II ASPIRE-FTD w celu oceny bezpiecze\u0144stwa i wst\u0119pnej skuteczno\u015bci naszej badanej* terapii genowej, AVB-101, kt\u00f3ra zosta\u0142a zaprojektowana jako jednorazowe leczenie maj\u0105ce na celu zatrzymanie post\u0119pu choroby, podawane we wlewie do m\u00f3zgu.<\/p>\n<p style=\"font-weight: 400; text-align: left;\">Wi\u0119cej informacji na temat badania ASPIRE-FTD, w tym list\u0119 aktywnych o\u015brodk\u00f3w klinicznych, mo\u017cna znale\u017a\u0107 na stronie <a href=\"https:\/\/clinicaltrials.gov\/study\/NCT06064890\" target=\"_blank\" rel=\"noopener\" data-saferedirecturl=\"https:\/\/www.google.com\/url?q=http:\/\/clinicaltrials.gov&amp;source=gmail&amp;ust=1696515820216000&amp;usg=AOvVaw3fbsm_slHyceouxze2dhZ2\">clinicaltrials.gov<\/a>.<\/p>\n<p style=\"font-weight: 400; text-align: left;\">Mo\u017cna r\u00f3wnie\u017c skontaktowa\u0107 si\u0119 z nami telefonicznie pod numerem <a href=\"tel:+442030897917\">+44 (0) 203 089 7917<\/a> lub wysy\u0142aj\u0105c wiadomo\u015b\u0107 e-mail na adres <a href=\"mailto:clinicaltrials@aviadobio.com\">clinicaltrials@aviadobio.com<\/a>.<\/p>\n<p style=\"font-weight: 400; text-align: left;\"><span style=\"font-size: 16px;\">*Terapia eksperymentalna oznacza, \u017ce nie zosta\u0142a ona zatwierdzona przez \u017caden organ regulacyjny i \u017caden organ regulacyjny nie okre\u015bli\u0142, \u017ce jest ona bezpieczna i skuteczna w leczeniu FTD-GRN lub jakiegokolwiek innego schorzenia.<\/span><\/p>\n<p>[\/et_pb_text][\/et_pb_column][et_pb_column type=&#8221;2_5&#8243; disabled_on=&#8221;off|off|off&#8221; _builder_version=&#8221;4.22.1&#8243; _module_preset=&#8221;default&#8221; background_color=&#8221;RGBA(255,255,255,0)&#8221; custom_padding=&#8221;20px|20px|20px|20px|true|true&#8221; global_colors_info=&#8221;{}&#8221;][\/et_pb_column][\/et_pb_row][\/et_pb_section]<\/p>\n","protected":false},"excerpt":{"rendered":"<p>Je\u015bli jeste\u015b pacjentem lub opiekunem, skontaktuj si\u0119 z nami Obecnie prowadzimy nab\u00f3r os\u00f3b z genetycznym podtypem ot\u0119pienia czo\u0142owo-skroniowego (FTD-GRN) do naszego wieloo\u015brodkowego, prowadzonego metod\u0105 otwartej pr\u00f3by badania fazy I\/II ASPIRE-FTD w celu oceny bezpiecze\u0144stwa i wst\u0119pnej skuteczno\u015bci naszej eksperymentalnej* terapii genowej, AVB-101 u\u00a0pacjent\u00f3w z\u00a0FTD-GRN. Wi\u0119cej informacji na temat badania ASPIRE-FTD, w tym list\u0119 aktywnych o\u015brodk\u00f3w [&hellip;]<\/p>\n","protected":false},"author":1,"featured_media":0,"parent":0,"menu_order":0,"comment_status":"closed","ping_status":"closed","template":"","meta":{"_et_pb_use_builder":"on","_et_pb_old_content":"","_et_gb_content_width":"","footnotes":""},"yoast_head":"<!-- This site is optimized with the Yoast SEO plugin v23.4 - https:\/\/yoast.com\/wordpress\/plugins\/seo\/ -->\n<title>Kontakt - ASPIRE-FTD<\/title>\n<meta name=\"description\" content=\"Obecnie prowadzimy nab\u00f3r os\u00f3b z genetycznym podtypem ot\u0119pienia czo\u0142owo-skroniowego (FTD-GRN) do naszego wieloo\u015brodkowego, prowadzonego metod\u0105 otwartej pr\u00f3by badania fazy I\/II ASPIRE-FTD....\" \/>\n<meta name=\"robots\" content=\"noindex, follow, max-snippet:-1, max-image-preview:large, max-video-preview:-1\" \/>\n<meta property=\"og:locale\" content=\"pl_PL\" \/>\n<meta property=\"og:type\" content=\"article\" \/>\n<meta property=\"og:title\" content=\"Kontakt - ASPIRE-FTD\" \/>\n<meta property=\"og:description\" content=\"Obecnie prowadzimy nab\u00f3r os\u00f3b z genetycznym podtypem ot\u0119pienia czo\u0142owo-skroniowego (FTD-GRN) do naszego wieloo\u015brodkowego, prowadzonego metod\u0105 otwartej pr\u00f3by badania fazy I\/II ASPIRE-FTD....\" \/>\n<meta property=\"og:url\" content=\"https:\/\/quizzical-yonath.213-158-90-7.plesk.page\/pl\/kontakt\/\" \/>\n<meta property=\"og:site_name\" content=\"ASPIRE-FTD\" \/>\n<meta property=\"article:modified_time\" content=\"2025-05-08T12:22:41+00:00\" \/>\n<meta property=\"og:image\" content=\"https:\/\/quizzical-yonath.213-158-90-7.plesk.page\/wp-content\/uploads\/2023\/11\/AspireFTD-500x500-1.jpg\" \/>\n\t<meta property=\"og:image:width\" content=\"500\" \/>\n\t<meta property=\"og:image:height\" content=\"500\" \/>\n\t<meta property=\"og:image:type\" content=\"image\/jpeg\" \/>\n<meta name=\"twitter:card\" content=\"summary_large_image\" \/>\n<meta name=\"twitter:label1\" content=\"Szacowany czas czytania\" \/>\n\t<meta name=\"twitter:data1\" content=\"5 minut\" \/>\n<script type=\"application\/ld+json\" class=\"yoast-schema-graph\">{\"@context\":\"https:\/\/schema.org\",\"@graph\":[{\"@type\":\"WebPage\",\"@id\":\"https:\/\/quizzical-yonath.213-158-90-7.plesk.page\/pl\/kontakt\/\",\"url\":\"https:\/\/quizzical-yonath.213-158-90-7.plesk.page\/pl\/kontakt\/\",\"name\":\"Kontakt - ASPIRE-FTD\",\"isPartOf\":{\"@id\":\"https:\/\/quizzical-yonath.213-158-90-7.plesk.page\/#website\"},\"datePublished\":\"2023-08-29T11:38:28+00:00\",\"dateModified\":\"2025-05-08T12:22:41+00:00\",\"description\":\"Obecnie prowadzimy nab\u00f3r os\u00f3b z genetycznym podtypem ot\u0119pienia czo\u0142owo-skroniowego (FTD-GRN) do naszego wieloo\u015brodkowego, prowadzonego metod\u0105 otwartej pr\u00f3by badania fazy I\/II ASPIRE-FTD....\",\"breadcrumb\":{\"@id\":\"https:\/\/quizzical-yonath.213-158-90-7.plesk.page\/pl\/kontakt\/#breadcrumb\"},\"inLanguage\":\"pl-PL\",\"potentialAction\":[{\"@type\":\"ReadAction\",\"target\":[\"https:\/\/quizzical-yonath.213-158-90-7.plesk.page\/pl\/kontakt\/\"]}]},{\"@type\":\"BreadcrumbList\",\"@id\":\"https:\/\/quizzical-yonath.213-158-90-7.plesk.page\/pl\/kontakt\/#breadcrumb\",\"itemListElement\":[{\"@type\":\"ListItem\",\"position\":1,\"name\":\"Home\",\"item\":\"https:\/\/quizzical-yonath.213-158-90-7.plesk.page\/\"},{\"@type\":\"ListItem\",\"position\":2,\"name\":\"Kontakt\"}]},{\"@type\":\"WebSite\",\"@id\":\"https:\/\/quizzical-yonath.213-158-90-7.plesk.page\/#website\",\"url\":\"https:\/\/quizzical-yonath.213-158-90-7.plesk.page\/\",\"name\":\"ASPIRE-FTD\",\"description\":\"CLINICAL TRIAL\",\"publisher\":{\"@id\":\"https:\/\/quizzical-yonath.213-158-90-7.plesk.page\/#organization\"},\"potentialAction\":[{\"@type\":\"SearchAction\",\"target\":{\"@type\":\"EntryPoint\",\"urlTemplate\":\"https:\/\/quizzical-yonath.213-158-90-7.plesk.page\/?s={search_term_string}\"},\"query-input\":{\"@type\":\"PropertyValueSpecification\",\"valueRequired\":true,\"valueName\":\"search_term_string\"}}],\"inLanguage\":\"pl-PL\"},{\"@type\":\"Organization\",\"@id\":\"https:\/\/quizzical-yonath.213-158-90-7.plesk.page\/#organization\",\"name\":\"AviadoBio\",\"url\":\"https:\/\/quizzical-yonath.213-158-90-7.plesk.page\/\",\"logo\":{\"@type\":\"ImageObject\",\"inLanguage\":\"pl-PL\",\"@id\":\"https:\/\/quizzical-yonath.213-158-90-7.plesk.page\/#\/schema\/logo\/image\/\",\"url\":\"https:\/\/quizzical-yonath.213-158-90-7.plesk.page\/wp-content\/uploads\/2023\/11\/AspireFTD-500x500-1.jpg\",\"contentUrl\":\"https:\/\/quizzical-yonath.213-158-90-7.plesk.page\/wp-content\/uploads\/2023\/11\/AspireFTD-500x500-1.jpg\",\"width\":500,\"height\":500,\"caption\":\"AviadoBio\"},\"image\":{\"@id\":\"https:\/\/quizzical-yonath.213-158-90-7.plesk.page\/#\/schema\/logo\/image\/\"}}]}<\/script>\n<!-- \/ Yoast SEO plugin. -->","yoast_head_json":{"title":"Kontakt - ASPIRE-FTD","description":"Obecnie prowadzimy nab\u00f3r os\u00f3b z genetycznym podtypem ot\u0119pienia czo\u0142owo-skroniowego (FTD-GRN) do naszego wieloo\u015brodkowego, prowadzonego metod\u0105 otwartej pr\u00f3by badania fazy I\/II ASPIRE-FTD....","robots":{"index":"noindex","follow":"follow","max-snippet":"max-snippet:-1","max-image-preview":"max-image-preview:large","max-video-preview":"max-video-preview:-1"},"og_locale":"pl_PL","og_type":"article","og_title":"Kontakt - ASPIRE-FTD","og_description":"Obecnie prowadzimy nab\u00f3r os\u00f3b z genetycznym podtypem ot\u0119pienia czo\u0142owo-skroniowego (FTD-GRN) do naszego wieloo\u015brodkowego, prowadzonego metod\u0105 otwartej pr\u00f3by badania fazy I\/II ASPIRE-FTD....","og_url":"https:\/\/quizzical-yonath.213-158-90-7.plesk.page\/pl\/kontakt\/","og_site_name":"ASPIRE-FTD","article_modified_time":"2025-05-08T12:22:41+00:00","og_image":[{"width":500,"height":500,"url":"https:\/\/quizzical-yonath.213-158-90-7.plesk.page\/wp-content\/uploads\/2023\/11\/AspireFTD-500x500-1.jpg","type":"image\/jpeg"}],"twitter_card":"summary_large_image","twitter_misc":{"Szacowany czas czytania":"5 minut"},"schema":{"@context":"https:\/\/schema.org","@graph":[{"@type":"WebPage","@id":"https:\/\/quizzical-yonath.213-158-90-7.plesk.page\/pl\/kontakt\/","url":"https:\/\/quizzical-yonath.213-158-90-7.plesk.page\/pl\/kontakt\/","name":"Kontakt - ASPIRE-FTD","isPartOf":{"@id":"https:\/\/quizzical-yonath.213-158-90-7.plesk.page\/#website"},"datePublished":"2023-08-29T11:38:28+00:00","dateModified":"2025-05-08T12:22:41+00:00","description":"Obecnie prowadzimy nab\u00f3r os\u00f3b z genetycznym podtypem ot\u0119pienia czo\u0142owo-skroniowego (FTD-GRN) do naszego wieloo\u015brodkowego, prowadzonego metod\u0105 otwartej pr\u00f3by badania fazy I\/II ASPIRE-FTD....","breadcrumb":{"@id":"https:\/\/quizzical-yonath.213-158-90-7.plesk.page\/pl\/kontakt\/#breadcrumb"},"inLanguage":"pl-PL","potentialAction":[{"@type":"ReadAction","target":["https:\/\/quizzical-yonath.213-158-90-7.plesk.page\/pl\/kontakt\/"]}]},{"@type":"BreadcrumbList","@id":"https:\/\/quizzical-yonath.213-158-90-7.plesk.page\/pl\/kontakt\/#breadcrumb","itemListElement":[{"@type":"ListItem","position":1,"name":"Home","item":"https:\/\/quizzical-yonath.213-158-90-7.plesk.page\/"},{"@type":"ListItem","position":2,"name":"Kontakt"}]},{"@type":"WebSite","@id":"https:\/\/quizzical-yonath.213-158-90-7.plesk.page\/#website","url":"https:\/\/quizzical-yonath.213-158-90-7.plesk.page\/","name":"ASPIRE-FTD","description":"CLINICAL TRIAL","publisher":{"@id":"https:\/\/quizzical-yonath.213-158-90-7.plesk.page\/#organization"},"potentialAction":[{"@type":"SearchAction","target":{"@type":"EntryPoint","urlTemplate":"https:\/\/quizzical-yonath.213-158-90-7.plesk.page\/?s={search_term_string}"},"query-input":{"@type":"PropertyValueSpecification","valueRequired":true,"valueName":"search_term_string"}}],"inLanguage":"pl-PL"},{"@type":"Organization","@id":"https:\/\/quizzical-yonath.213-158-90-7.plesk.page\/#organization","name":"AviadoBio","url":"https:\/\/quizzical-yonath.213-158-90-7.plesk.page\/","logo":{"@type":"ImageObject","inLanguage":"pl-PL","@id":"https:\/\/quizzical-yonath.213-158-90-7.plesk.page\/#\/schema\/logo\/image\/","url":"https:\/\/quizzical-yonath.213-158-90-7.plesk.page\/wp-content\/uploads\/2023\/11\/AspireFTD-500x500-1.jpg","contentUrl":"https:\/\/quizzical-yonath.213-158-90-7.plesk.page\/wp-content\/uploads\/2023\/11\/AspireFTD-500x500-1.jpg","width":500,"height":500,"caption":"AviadoBio"},"image":{"@id":"https:\/\/quizzical-yonath.213-158-90-7.plesk.page\/#\/schema\/logo\/image\/"}}]}},"_links":{"self":[{"href":"https:\/\/quizzical-yonath.213-158-90-7.plesk.page\/pl\/wp-json\/wp\/v2\/pages\/6053"}],"collection":[{"href":"https:\/\/quizzical-yonath.213-158-90-7.plesk.page\/pl\/wp-json\/wp\/v2\/pages"}],"about":[{"href":"https:\/\/quizzical-yonath.213-158-90-7.plesk.page\/pl\/wp-json\/wp\/v2\/types\/page"}],"author":[{"embeddable":true,"href":"https:\/\/quizzical-yonath.213-158-90-7.plesk.page\/pl\/wp-json\/wp\/v2\/users\/1"}],"replies":[{"embeddable":true,"href":"https:\/\/quizzical-yonath.213-158-90-7.plesk.page\/pl\/wp-json\/wp\/v2\/comments?post=6053"}],"version-history":[{"count":40,"href":"https:\/\/quizzical-yonath.213-158-90-7.plesk.page\/pl\/wp-json\/wp\/v2\/pages\/6053\/revisions"}],"predecessor-version":[{"id":8158,"href":"https:\/\/quizzical-yonath.213-158-90-7.plesk.page\/pl\/wp-json\/wp\/v2\/pages\/6053\/revisions\/8158"}],"wp:attachment":[{"href":"https:\/\/quizzical-yonath.213-158-90-7.plesk.page\/pl\/wp-json\/wp\/v2\/media?parent=6053"}],"curies":[{"name":"wp","href":"https:\/\/api.w.org\/{rel}","templated":true}]}}