{"id":6084,"date":"2023-08-31T13:32:41","date_gmt":"2023-08-31T12:32:41","guid":{"rendered":"https:\/\/upbeat-bassi.138-201-129-95.plesk.page\/oswiadczenie-internetowe-o-rozszerzonym-dostepie\/"},"modified":"2025-04-03T15:17:47","modified_gmt":"2025-04-03T14:17:47","slug":"oswiadczenie-internetowe-o-rozszerzonym-dostepie","status":"publish","type":"page","link":"https:\/\/quizzical-yonath.213-158-90-7.plesk.page\/pl\/oswiadczenie-internetowe-o-rozszerzonym-dostepie\/","title":{"rendered":"O\u015bwiadczenie internetowe o rozszerzonym dost\u0119pie"},"content":{"rendered":"<p>[et_pb_section fb_built=&#8221;1&#8243; _builder_version=&#8221;4.16&#8243; _module_preset=&#8221;default&#8221; custom_padding=&#8221;10vh||18vh||false|false&#8221; bottom_divider_style=&#8221;ramp&#8221; bottom_divider_color=&#8221;#43464F&#8221; bottom_divider_flip=&#8221;vertical|horizontal&#8221; global_colors_info=&#8221;{}&#8221;][et_pb_row disabled_on=&#8221;off|off|off&#8221; _builder_version=&#8221;4.22.1&#8243; _module_preset=&#8221;default&#8221; custom_margin=&#8221;0px||0px||false|false&#8221; custom_padding=&#8221;0px||0px||false|false&#8221; global_colors_info=&#8221;{}&#8221;][et_pb_column type=&#8221;4_4&#8243; _builder_version=&#8221;4.16&#8243; _module_preset=&#8221;default&#8221; global_colors_info=&#8221;{}&#8221;][et_pb_text _builder_version=&#8221;4.24.2&#8243; _module_preset=&#8221;default&#8221; header_font=&#8221;|||on|||||&#8221; header_font_size=&#8221;38px&#8221; header_letter_spacing=&#8221;1px&#8221; header_2_font=&#8221;|||on|||||&#8221; header_2_text_color=&#8221;#43464F&#8221; header_2_letter_spacing=&#8221;2px&#8221; header_2_line_height=&#8221;1.4em&#8221; module_alignment=&#8221;left&#8221; custom_margin=&#8221;0px||||false|false&#8221; custom_padding=&#8221;0px||||false|false&#8221; hover_enabled=&#8221;0&#8243; header_font_size_tablet=&#8221;&#8221; header_font_size_phone=&#8221;25px&#8221; header_font_size_last_edited=&#8221;on|phone&#8221; header_2_font_size_tablet=&#8221;&#8221; header_2_font_size_phone=&#8221;24px&#8221; header_2_font_size_last_edited=&#8221;on|phone&#8221; global_colors_info=&#8221;{}&#8221; sticky_enabled=&#8221;0&#8243;]<\/p>\n<h1>Polityka AviadoBio dotycz\u0105ca rozszerzonego dost\u0119pu do terapii eksperymentalnych<\/h1>\n<p>Doskonale rozumiemy pacjent\u00f3w i\u00a0ich rodziny poszukuj\u0105ce opieki dla bliskich. W AviadoBio nieustannie udoskonalamy leczenie, wykorzystuj\u0105c prze\u0142omowe rozwi\u0105zania naukowe i innowacyjne sposoby precyzyjnego podawania lek\u00f3w potencjalnie zmieniaj\u0105ce \u017cycie os\u00f3b z\u00a0chorobami neurologicznymi, pocz\u0105wszy od ot\u0119pienia czo\u0142owo-skroniowego (FTD) i stwardnienia zanikowego bocznego (ALS). Dzi\u0119ki g\u0142\u0119bokiemu poznaniu m\u00f3zgu i\u00a0zestawowi zastrze\u017conych platform terapii genowych oraz innowacyjnym technologiom dostarczania, staramy si\u0119 przezwyci\u0119\u017cy\u0107 wyzwania zwi\u0105zane z\u00a0dostarczaniem w\u0142a\u015bciwego leku we w\u0142a\u015bciwe miejsce. Nasze innowacyjne podej\u015bcie oparte na neuroanatomii ma na celu zmaksymalizowanie potencja\u0142u terapeutycznego terapii genowej, aby powstrzyma\u0107 lub potencjalnie nawet odwr\u00f3ci\u0107 post\u0119p chor\u00f3b neurodegeneracyjnych.<\/p>\n<p>[\/et_pb_text][et_pb_text _builder_version=&#8221;4.22.1&#8243; _module_preset=&#8221;default&#8221; header_2_font=&#8221;|||on|||||&#8221; header_2_text_color=&#8221;#43464F&#8221; header_2_font_size=&#8221;28px&#8221; header_2_letter_spacing=&#8221;2px&#8221; header_2_line_height=&#8221;1.4em&#8221; header_3_font=&#8221;|||on|||||&#8221; header_3_font_size=&#8221;24px&#8221; header_3_letter_spacing=&#8221;2px&#8221; header_2_font_size_tablet=&#8221;&#8221; header_2_font_size_phone=&#8221;28px&#8221; header_2_font_size_last_edited=&#8221;on|phone&#8221; global_colors_info=&#8221;{}&#8221;]<\/p>\n<h3>Nasze zaanga\u017cowanie w badania kliniczne<\/h3>\n<div class=\"\">\n<div class=\"WordSection1\">\n<p>Zobowi\u0105zujemy si\u0119 do \u015bcis\u0142ej wsp\u00f3\u0142pracy z badaczami, lekarzami, zespo\u0142ami o\u015brodk\u00f3w bada\u0144 klinicznych, pacjentami i ich rodzinami w celu rekrutacji, prowadzenia i analizowania naszych bada\u0144 klinicznych. W przypadku powodzenia, dane z tych bada\u0144 mog\u0105 stanowi\u0107 podstaw\u0119 do z\u0142o\u017cenia wniosk\u00f3w do organ\u00f3w regulacyjnych (takich jak Ameryka\u0144ska Agencja ds. \u017bywno\u015bci i Lek\u00f3w (FDA) i Europejska Agencja Lek\u00f3w (EMA)) o zatwierdzenie \u2014 a ostatecznie udost\u0119pnienie naszych lek\u00f3w jak najwi\u0119kszej liczbie kwalifikuj\u0105cych si\u0119 pacjent\u00f3w tak bezpiecznie i szybko, jak to mo\u017cliwe.<span style=\"font-size: 19px;\"><\/span><\/p>\n<\/div>\n<\/div>\n<p>[\/et_pb_text][et_pb_text _builder_version=&#8221;4.22.1&#8243; _module_preset=&#8221;default&#8221; header_2_font=&#8221;|||on|||||&#8221; header_2_text_color=&#8221;#43464F&#8221; header_2_font_size=&#8221;28px&#8221; header_2_letter_spacing=&#8221;2px&#8221; header_2_line_height=&#8221;1.4em&#8221; header_3_font=&#8221;|||on|||||&#8221; header_3_font_size=&#8221;24px&#8221; header_3_letter_spacing=&#8221;2px&#8221; header_2_font_size_tablet=&#8221;&#8221; header_2_font_size_phone=&#8221;28px&#8221; header_2_font_size_last_edited=&#8221;on|phone&#8221; global_colors_info=&#8221;{}&#8221;]<\/p>\n<div class=\"\">\n<div class=\"WordSection1\">\n<h3 style=\"text-align: left;\">Polityka rozszerzonego dost\u0119pu \/ compassionate use<\/h3>\n<div class=\"\">\n<div class=\"WordSection1\">\n<div class=\"\">\n<div class=\"WordSection1\">\n<p>Obecnie AVB-101 jest eksperymentaln\u0105 terapi\u0105 genow\u0105, kt\u00f3ra jest dost\u0119pna tylko dla uczestnik\u00f3w trwaj\u0105cych bada\u0144 klinicznych. Wi\u0119cej informacji na temat trwaj\u0105cego badania ASPIRE-FTD mo\u017cna znale\u017a\u0107 <a href=\"https:\/\/clinicaltrials.gov\/study\/NCT06064890\" target=\"_blank\" rel=\"noopener\">tutaj<\/a>.<\/p>\n<p>Obecnie nie ma \u201eprogramu rozszerzonego dost\u0119pu\u201d dla AVB-101. Rozszerzony dost\u0119p jest czasami okre\u015blany r\u00f3wnie\u017c jako Compassionate Use lub dost\u0119p przed zatwierdzeniem, i jest on czasami oferowany przez firmy, zazwyczaj na p\u00f3\u017aniejszym etapie opracowywania leku, gdy dost\u0119pnych jest wi\u0119cej danych na temat badanego produktu.<\/p>\n<p>W razie jakichkolwiek pyta\u0144 dotycz\u0105cych niniejszej polityki rozszerzonego dost\u0119pu nale\u017cy zwr\u00f3ci\u0107 si\u0119 do lekarza z pro\u015bb\u0105 o kontakt pod adresem <a href=\"mailto:expandedaccess@aviadobio.com\">expandedaccess@aviadobio.com<\/a>. Potwierdzamy otrzymanie wys\u0142anych do nas pyta\u0144 lub wniosk\u00f3w o rozszerzony dost\u0119p w ci\u0105gu pi\u0119ciu (5) dni roboczych od otrzymania.<\/p>\n<p>B\u0119dziemy nadal ocenia\u0107 mo\u017cliwo\u015b\u0107 wprowadzenia rozszerzonego dost\u0119pu w miar\u0119 rozwoju naszych lek\u00f3w eksperymentalnych. AviadoBio mo\u017ce zmieni\u0107 niniejsz\u0105 polityk\u0119 rozszerzonego dost\u0119pu w dowolnym momencie zgodnie z ustaw\u0105 21st Century Cures Act.<span style=\"font-size: 19px;\">\u00a0<\/span><\/p>\n<\/div>\n<\/div>\n<\/div>\n<\/div>\n<\/div>\n<\/div>\n<p>[\/et_pb_text][\/et_pb_column][\/et_pb_row][\/et_pb_section][et_pb_section fb_built=&#8221;1&#8243; _builder_version=&#8221;4.16&#8243; _module_preset=&#8221;default&#8221; custom_padding=&#8221;10vh||18vh||false|false&#8221; bottom_divider_style=&#8221;ramp&#8221; bottom_divider_color=&#8221;#43464F&#8221; bottom_divider_flip=&#8221;vertical|horizontal&#8221; global_colors_info=&#8221;{}&#8221; disabled_on=&#8221;on|on|on&#8221; disabled=&#8221;on&#8221;][et_pb_row disabled_on=&#8221;off|off|off&#8221; _builder_version=&#8221;4.22.1&#8243; _module_preset=&#8221;default&#8221; custom_margin=&#8221;0px||0px||false|false&#8221; custom_padding=&#8221;0px||0px||false|false&#8221; global_colors_info=&#8221;{}&#8221;][et_pb_column type=&#8221;4_4&#8243; _builder_version=&#8221;4.16&#8243; _module_preset=&#8221;default&#8221; global_colors_info=&#8221;{}&#8221;][et_pb_text _builder_version=&#8221;4.22.1&#8243; _module_preset=&#8221;default&#8221; header_font=&#8221;|||on|||||&#8221; header_font_size=&#8221;38px&#8221; header_letter_spacing=&#8221;1px&#8221; header_2_font=&#8221;|||on|||||&#8221; header_2_text_color=&#8221;#43464F&#8221; header_2_letter_spacing=&#8221;2px&#8221; header_2_line_height=&#8221;1.4em&#8221; module_alignment=&#8221;left&#8221; custom_margin=&#8221;0px||||false|false&#8221; custom_padding=&#8221;0px||||false|false&#8221; header_font_size_tablet=&#8221;&#8221; header_font_size_phone=&#8221;25px&#8221; header_font_size_last_edited=&#8221;on|phone&#8221; header_2_font_size_tablet=&#8221;&#8221; header_2_font_size_phone=&#8221;24px&#8221; header_2_font_size_last_edited=&#8221;on|phone&#8221; global_colors_info=&#8221;{}&#8221;]<\/p>\n<h1>Polityka AviadoBio dotycz\u0105ca rozszerzonego dost\u0119pu do terapii eksperymentalnych<\/h1>\n<p>W AviadoBio bardzo wsp\u00f3\u0142czujemy pacjentom i rodzinom poszukuj\u0105cym opieki dla bliskich os\u00f3b, u kt\u00f3rych zdiagnozowano wyniszczaj\u0105ce zaburzenia neurologiczne. Nasz\u0105 misj\u0105 jest opracowywanie i dostarczanie potencjalnie prze\u0142omowych terapii genowych dla os\u00f3b cierpi\u0105cych na choroby neurodegeneracyjne, takie jak ot\u0119pienie czo\u0142owo-skroniowe (FTD) i stwardnienie zanikowe boczne (ALS). Nasz zesp\u00f3\u0142 nieustannie pracuje nad pokonaniem wyzwa\u0144 zwi\u0105zanych z dostarczaniem w\u0142a\u015bciwego leku do w\u0142a\u015bciwego miejsca w o\u015brodkowym uk\u0142adzie nerwowym. Nasze innowacyjne podej\u015bcie ma na celu zmaksymalizowanie potencja\u0142u terapeutycznego terapii genowej, aby powstrzyma\u0107 lub potencjalnie odwr\u00f3ci\u0107 post\u0119p chor\u00f3b neurodegeneracyjnych.<\/p>\n<p>[\/et_pb_text][et_pb_text _builder_version=&#8221;4.22.1&#8243; _module_preset=&#8221;default&#8221; header_2_font=&#8221;|||on|||||&#8221; header_2_text_color=&#8221;#43464F&#8221; header_2_font_size=&#8221;28px&#8221; header_2_letter_spacing=&#8221;2px&#8221; header_2_line_height=&#8221;1.4em&#8221; header_3_font=&#8221;|||on|||||&#8221; header_3_font_size=&#8221;24px&#8221; header_3_letter_spacing=&#8221;2px&#8221; header_2_font_size_tablet=&#8221;&#8221; header_2_font_size_phone=&#8221;28px&#8221; header_2_font_size_last_edited=&#8221;on|phone&#8221; global_colors_info=&#8221;{}&#8221;]<\/p>\n<h3>Nasze zaanga\u017cowanie w badania kliniczne<\/h3>\n<div class=\"\">\n<div class=\"WordSection1\">\n<p>Zobowi\u0105zujemy si\u0119 do \u015bcis\u0142ej wsp\u00f3\u0142pracy z badaczami, lekarzami, zespo\u0142ami o\u015brodk\u00f3w bada\u0144 klinicznych, pacjentami i ich rodzinami w celu rekrutacji, prowadzenia i analizowania naszych bada\u0144 klinicznych. W przypadku powodzenia, dane z tych bada\u0144 mog\u0105 stanowi\u0107 podstaw\u0119 do z\u0142o\u017cenia wniosk\u00f3w do organ\u00f3w regulacyjnych (takich jak Ameryka\u0144ska Agencja ds. \u017bywno\u015bci i Lek\u00f3w (FDA) i Europejska Agencja Lek\u00f3w (EMA)) o zatwierdzenie \u2014 a ostatecznie udost\u0119pnienie naszych lek\u00f3w jak najwi\u0119kszej liczbie kwalifikuj\u0105cych si\u0119 pacjent\u00f3w tak bezpiecznie i szybko, jak to mo\u017cliwe.<span style=\"font-size: 19px;\"><\/span><\/p>\n<\/div>\n<\/div>\n<p>[\/et_pb_text][et_pb_text _builder_version=&#8221;4.22.1&#8243; _module_preset=&#8221;default&#8221; header_2_font=&#8221;|||on|||||&#8221; header_2_text_color=&#8221;#43464F&#8221; header_2_font_size=&#8221;28px&#8221; header_2_letter_spacing=&#8221;2px&#8221; header_2_line_height=&#8221;1.4em&#8221; header_3_font=&#8221;|||on|||||&#8221; header_3_font_size=&#8221;24px&#8221; header_3_letter_spacing=&#8221;2px&#8221; header_2_font_size_tablet=&#8221;&#8221; header_2_font_size_phone=&#8221;28px&#8221; header_2_font_size_last_edited=&#8221;on|phone&#8221; global_colors_info=&#8221;{}&#8221;]<\/p>\n<div class=\"\">\n<div class=\"WordSection1\">\n<h3 style=\"text-align: left;\">Polityka rozszerzonego dost\u0119pu \/ compassionate use<\/h3>\n<div class=\"\">\n<div class=\"WordSection1\">\n<div class=\"\">\n<div class=\"WordSection1\">\n<p>Obecnie AVB-101 jest eksperymentaln\u0105 terapi\u0105 genow\u0105, kt\u00f3ra jest dost\u0119pna tylko dla uczestnik\u00f3w trwaj\u0105cych bada\u0144 klinicznych. Wi\u0119cej informacji na temat trwaj\u0105cego badania ASPIRE-FTD mo\u017cna znale\u017a\u0107 <a href=\"https:\/\/clinicaltrials.gov\/study\/NCT06064890\" target=\"_blank\" rel=\"noopener\">tutaj<\/a>.<\/p>\n<p>Obecnie nie ma \u201eprogramu rozszerzonego dost\u0119pu\u201d dla AVB-101. Rozszerzony dost\u0119p jest czasami okre\u015blany r\u00f3wnie\u017c jako Compassionate Use lub dost\u0119p przed zatwierdzeniem, i jest on czasami oferowany przez firmy, zazwyczaj na p\u00f3\u017aniejszym etapie opracowywania leku, gdy dost\u0119pnych jest wi\u0119cej danych na temat badanego produktu.<\/p>\n<p>W razie jakichkolwiek pyta\u0144 dotycz\u0105cych niniejszej polityki rozszerzonego dost\u0119pu nale\u017cy zwr\u00f3ci\u0107 si\u0119 do lekarza z pro\u015bb\u0105 o kontakt pod adresem <a href=\"mailto:expandedaccess@aviadobio.com\">expandedaccess@aviadobio.com<\/a>. Potwierdzamy otrzymanie wys\u0142anych do nas pyta\u0144 lub wniosk\u00f3w o rozszerzony dost\u0119p w ci\u0105gu pi\u0119ciu (5) dni roboczych od otrzymania.<\/p>\n<p>B\u0119dziemy nadal ocenia\u0107 mo\u017cliwo\u015b\u0107 wprowadzenia rozszerzonego dost\u0119pu w miar\u0119 rozwoju naszych lek\u00f3w eksperymentalnych. AviadoBio mo\u017ce zmieni\u0107 niniejsz\u0105 polityk\u0119 rozszerzonego dost\u0119pu w dowolnym momencie zgodnie z ustaw\u0105 21st Century Cures Act.<span style=\"font-size: 19px;\">\u00a0<\/span><\/p>\n<\/div>\n<\/div>\n<\/div>\n<\/div>\n<\/div>\n<\/div>\n<p>[\/et_pb_text][\/et_pb_column][\/et_pb_row][\/et_pb_section]<\/p>\n","protected":false},"excerpt":{"rendered":"<p>Polityka AviadoBio dotycz\u0105ca rozszerzonego dost\u0119pu do terapii eksperymentalnych Doskonale rozumiemy pacjent\u00f3w i\u00a0ich rodziny poszukuj\u0105ce opieki dla bliskich. W AviadoBio nieustannie udoskonalamy leczenie, wykorzystuj\u0105c prze\u0142omowe rozwi\u0105zania naukowe i innowacyjne sposoby precyzyjnego podawania lek\u00f3w potencjalnie zmieniaj\u0105ce \u017cycie os\u00f3b z\u00a0chorobami neurologicznymi, pocz\u0105wszy od ot\u0119pienia czo\u0142owo-skroniowego (FTD) i stwardnienia zanikowego bocznego (ALS). Dzi\u0119ki g\u0142\u0119bokiemu poznaniu m\u00f3zgu i\u00a0zestawowi zastrze\u017conych platform [&hellip;]<\/p>\n","protected":false},"author":1,"featured_media":0,"parent":0,"menu_order":0,"comment_status":"closed","ping_status":"closed","template":"","meta":{"_et_pb_use_builder":"on","_et_pb_old_content":"","_et_gb_content_width":"","footnotes":""},"yoast_head":"<!-- This site is optimized with the Yoast SEO plugin v23.4 - https:\/\/yoast.com\/wordpress\/plugins\/seo\/ -->\n<title>O\u015bwiadczenie internetowe o rozszerzonym dost\u0119pie - ASPIRE-FTD<\/title>\n<meta name=\"robots\" content=\"noindex, follow, max-snippet:-1, max-image-preview:large, max-video-preview:-1\" \/>\n<meta property=\"og:locale\" content=\"pl_PL\" \/>\n<meta property=\"og:type\" content=\"article\" \/>\n<meta property=\"og:title\" content=\"O\u015bwiadczenie internetowe o rozszerzonym dost\u0119pie - ASPIRE-FTD\" \/>\n<meta property=\"og:description\" content=\"Polityka AviadoBio dotycz\u0105ca rozszerzonego dost\u0119pu do terapii eksperymentalnych Doskonale rozumiemy pacjent\u00f3w i\u00a0ich rodziny poszukuj\u0105ce opieki dla bliskich. W AviadoBio nieustannie udoskonalamy leczenie, wykorzystuj\u0105c prze\u0142omowe rozwi\u0105zania naukowe i innowacyjne sposoby precyzyjnego podawania lek\u00f3w potencjalnie zmieniaj\u0105ce \u017cycie os\u00f3b z\u00a0chorobami neurologicznymi, pocz\u0105wszy od ot\u0119pienia czo\u0142owo-skroniowego (FTD) i stwardnienia zanikowego bocznego (ALS). Dzi\u0119ki g\u0142\u0119bokiemu poznaniu m\u00f3zgu i\u00a0zestawowi zastrze\u017conych platform [&hellip;]\" \/>\n<meta property=\"og:url\" content=\"https:\/\/quizzical-yonath.213-158-90-7.plesk.page\/expanded-access-web-statement\/\" \/>\n<meta property=\"og:site_name\" content=\"ASPIRE-FTD\" \/>\n<meta property=\"article:modified_time\" content=\"2025-04-03T14:17:47+00:00\" \/>\n<meta property=\"og:image\" content=\"https:\/\/quizzical-yonath.213-158-90-7.plesk.page\/wp-content\/uploads\/2023\/11\/AspireFTD-500x500-1.jpg\" \/>\n\t<meta property=\"og:image:width\" content=\"500\" \/>\n\t<meta property=\"og:image:height\" content=\"500\" \/>\n\t<meta property=\"og:image:type\" content=\"image\/jpeg\" \/>\n<meta name=\"twitter:card\" content=\"summary_large_image\" \/>\n<meta name=\"twitter:label1\" content=\"Szacowany czas czytania\" \/>\n\t<meta name=\"twitter:data1\" content=\"7 minut\" \/>\n<script type=\"application\/ld+json\" class=\"yoast-schema-graph\">{\"@context\":\"https:\/\/schema.org\",\"@graph\":[{\"@type\":\"WebPage\",\"@id\":\"https:\/\/quizzical-yonath.213-158-90-7.plesk.page\/expanded-access-web-statement\/\",\"url\":\"https:\/\/quizzical-yonath.213-158-90-7.plesk.page\/expanded-access-web-statement\/\",\"name\":\"O\u015bwiadczenie internetowe o rozszerzonym dost\u0119pie - ASPIRE-FTD\",\"isPartOf\":{\"@id\":\"https:\/\/quizzical-yonath.213-158-90-7.plesk.page\/#website\"},\"datePublished\":\"2023-08-31T12:32:41+00:00\",\"dateModified\":\"2025-04-03T14:17:47+00:00\",\"breadcrumb\":{\"@id\":\"https:\/\/quizzical-yonath.213-158-90-7.plesk.page\/expanded-access-web-statement\/#breadcrumb\"},\"inLanguage\":\"pl-PL\",\"potentialAction\":[{\"@type\":\"ReadAction\",\"target\":[\"https:\/\/quizzical-yonath.213-158-90-7.plesk.page\/expanded-access-web-statement\/\"]}]},{\"@type\":\"BreadcrumbList\",\"@id\":\"https:\/\/quizzical-yonath.213-158-90-7.plesk.page\/expanded-access-web-statement\/#breadcrumb\",\"itemListElement\":[{\"@type\":\"ListItem\",\"position\":1,\"name\":\"Home\",\"item\":\"https:\/\/quizzical-yonath.213-158-90-7.plesk.page\/\"},{\"@type\":\"ListItem\",\"position\":2,\"name\":\"O\u015bwiadczenie internetowe o rozszerzonym dost\u0119pie\"}]},{\"@type\":\"WebSite\",\"@id\":\"https:\/\/quizzical-yonath.213-158-90-7.plesk.page\/#website\",\"url\":\"https:\/\/quizzical-yonath.213-158-90-7.plesk.page\/\",\"name\":\"ASPIRE-FTD\",\"description\":\"CLINICAL TRIAL\",\"publisher\":{\"@id\":\"https:\/\/quizzical-yonath.213-158-90-7.plesk.page\/#organization\"},\"potentialAction\":[{\"@type\":\"SearchAction\",\"target\":{\"@type\":\"EntryPoint\",\"urlTemplate\":\"https:\/\/quizzical-yonath.213-158-90-7.plesk.page\/?s={search_term_string}\"},\"query-input\":{\"@type\":\"PropertyValueSpecification\",\"valueRequired\":true,\"valueName\":\"search_term_string\"}}],\"inLanguage\":\"pl-PL\"},{\"@type\":\"Organization\",\"@id\":\"https:\/\/quizzical-yonath.213-158-90-7.plesk.page\/#organization\",\"name\":\"AviadoBio\",\"url\":\"https:\/\/quizzical-yonath.213-158-90-7.plesk.page\/\",\"logo\":{\"@type\":\"ImageObject\",\"inLanguage\":\"pl-PL\",\"@id\":\"https:\/\/quizzical-yonath.213-158-90-7.plesk.page\/#\/schema\/logo\/image\/\",\"url\":\"https:\/\/quizzical-yonath.213-158-90-7.plesk.page\/wp-content\/uploads\/2023\/11\/AspireFTD-500x500-1.jpg\",\"contentUrl\":\"https:\/\/quizzical-yonath.213-158-90-7.plesk.page\/wp-content\/uploads\/2023\/11\/AspireFTD-500x500-1.jpg\",\"width\":500,\"height\":500,\"caption\":\"AviadoBio\"},\"image\":{\"@id\":\"https:\/\/quizzical-yonath.213-158-90-7.plesk.page\/#\/schema\/logo\/image\/\"}}]}<\/script>\n<!-- \/ Yoast SEO plugin. -->","yoast_head_json":{"title":"O\u015bwiadczenie internetowe o rozszerzonym dost\u0119pie - ASPIRE-FTD","robots":{"index":"noindex","follow":"follow","max-snippet":"max-snippet:-1","max-image-preview":"max-image-preview:large","max-video-preview":"max-video-preview:-1"},"og_locale":"pl_PL","og_type":"article","og_title":"O\u015bwiadczenie internetowe o rozszerzonym dost\u0119pie - ASPIRE-FTD","og_description":"Polityka AviadoBio dotycz\u0105ca rozszerzonego dost\u0119pu do terapii eksperymentalnych Doskonale rozumiemy pacjent\u00f3w i\u00a0ich rodziny poszukuj\u0105ce opieki dla bliskich. W AviadoBio nieustannie udoskonalamy leczenie, wykorzystuj\u0105c prze\u0142omowe rozwi\u0105zania naukowe i innowacyjne sposoby precyzyjnego podawania lek\u00f3w potencjalnie zmieniaj\u0105ce \u017cycie os\u00f3b z\u00a0chorobami neurologicznymi, pocz\u0105wszy od ot\u0119pienia czo\u0142owo-skroniowego (FTD) i stwardnienia zanikowego bocznego (ALS). Dzi\u0119ki g\u0142\u0119bokiemu poznaniu m\u00f3zgu i\u00a0zestawowi zastrze\u017conych platform [&hellip;]","og_url":"https:\/\/quizzical-yonath.213-158-90-7.plesk.page\/expanded-access-web-statement\/","og_site_name":"ASPIRE-FTD","article_modified_time":"2025-04-03T14:17:47+00:00","og_image":[{"width":500,"height":500,"url":"https:\/\/quizzical-yonath.213-158-90-7.plesk.page\/wp-content\/uploads\/2023\/11\/AspireFTD-500x500-1.jpg","type":"image\/jpeg"}],"twitter_card":"summary_large_image","twitter_misc":{"Szacowany czas czytania":"7 minut"},"schema":{"@context":"https:\/\/schema.org","@graph":[{"@type":"WebPage","@id":"https:\/\/quizzical-yonath.213-158-90-7.plesk.page\/expanded-access-web-statement\/","url":"https:\/\/quizzical-yonath.213-158-90-7.plesk.page\/expanded-access-web-statement\/","name":"O\u015bwiadczenie internetowe o rozszerzonym dost\u0119pie - ASPIRE-FTD","isPartOf":{"@id":"https:\/\/quizzical-yonath.213-158-90-7.plesk.page\/#website"},"datePublished":"2023-08-31T12:32:41+00:00","dateModified":"2025-04-03T14:17:47+00:00","breadcrumb":{"@id":"https:\/\/quizzical-yonath.213-158-90-7.plesk.page\/expanded-access-web-statement\/#breadcrumb"},"inLanguage":"pl-PL","potentialAction":[{"@type":"ReadAction","target":["https:\/\/quizzical-yonath.213-158-90-7.plesk.page\/expanded-access-web-statement\/"]}]},{"@type":"BreadcrumbList","@id":"https:\/\/quizzical-yonath.213-158-90-7.plesk.page\/expanded-access-web-statement\/#breadcrumb","itemListElement":[{"@type":"ListItem","position":1,"name":"Home","item":"https:\/\/quizzical-yonath.213-158-90-7.plesk.page\/"},{"@type":"ListItem","position":2,"name":"O\u015bwiadczenie internetowe o rozszerzonym dost\u0119pie"}]},{"@type":"WebSite","@id":"https:\/\/quizzical-yonath.213-158-90-7.plesk.page\/#website","url":"https:\/\/quizzical-yonath.213-158-90-7.plesk.page\/","name":"ASPIRE-FTD","description":"CLINICAL TRIAL","publisher":{"@id":"https:\/\/quizzical-yonath.213-158-90-7.plesk.page\/#organization"},"potentialAction":[{"@type":"SearchAction","target":{"@type":"EntryPoint","urlTemplate":"https:\/\/quizzical-yonath.213-158-90-7.plesk.page\/?s={search_term_string}"},"query-input":{"@type":"PropertyValueSpecification","valueRequired":true,"valueName":"search_term_string"}}],"inLanguage":"pl-PL"},{"@type":"Organization","@id":"https:\/\/quizzical-yonath.213-158-90-7.plesk.page\/#organization","name":"AviadoBio","url":"https:\/\/quizzical-yonath.213-158-90-7.plesk.page\/","logo":{"@type":"ImageObject","inLanguage":"pl-PL","@id":"https:\/\/quizzical-yonath.213-158-90-7.plesk.page\/#\/schema\/logo\/image\/","url":"https:\/\/quizzical-yonath.213-158-90-7.plesk.page\/wp-content\/uploads\/2023\/11\/AspireFTD-500x500-1.jpg","contentUrl":"https:\/\/quizzical-yonath.213-158-90-7.plesk.page\/wp-content\/uploads\/2023\/11\/AspireFTD-500x500-1.jpg","width":500,"height":500,"caption":"AviadoBio"},"image":{"@id":"https:\/\/quizzical-yonath.213-158-90-7.plesk.page\/#\/schema\/logo\/image\/"}}]}},"_links":{"self":[{"href":"https:\/\/quizzical-yonath.213-158-90-7.plesk.page\/pl\/wp-json\/wp\/v2\/pages\/6084"}],"collection":[{"href":"https:\/\/quizzical-yonath.213-158-90-7.plesk.page\/pl\/wp-json\/wp\/v2\/pages"}],"about":[{"href":"https:\/\/quizzical-yonath.213-158-90-7.plesk.page\/pl\/wp-json\/wp\/v2\/types\/page"}],"author":[{"embeddable":true,"href":"https:\/\/quizzical-yonath.213-158-90-7.plesk.page\/pl\/wp-json\/wp\/v2\/users\/1"}],"replies":[{"embeddable":true,"href":"https:\/\/quizzical-yonath.213-158-90-7.plesk.page\/pl\/wp-json\/wp\/v2\/comments?post=6084"}],"version-history":[{"count":8,"href":"https:\/\/quizzical-yonath.213-158-90-7.plesk.page\/pl\/wp-json\/wp\/v2\/pages\/6084\/revisions"}],"predecessor-version":[{"id":8006,"href":"https:\/\/quizzical-yonath.213-158-90-7.plesk.page\/pl\/wp-json\/wp\/v2\/pages\/6084\/revisions\/8006"}],"wp:attachment":[{"href":"https:\/\/quizzical-yonath.213-158-90-7.plesk.page\/pl\/wp-json\/wp\/v2\/media?parent=6084"}],"curies":[{"name":"wp","href":"https:\/\/api.w.org\/{rel}","templated":true}]}}